{"id":32,"date":"2020-12-05T14:51:07","date_gmt":"2020-12-05T13:51:07","guid":{"rendered":"http:\/\/formuler-store.com\/?post_type=product&#038;p=32"},"modified":"2025-11-07T12:00:37","modified_gmt":"2025-11-07T11:00:37","slug":"gtv","status":"publish","type":"product","link":"https:\/\/formuler-store.com\/pt\/produto\/gtv","title":{"rendered":"Formuler GTV"},"content":{"rendered":"<div id=\"cc-m-11513101795\" class=\"j-module n j-header\">\n<p><iframe title=\"FORMULER GTV Menu &amp; Features\" width=\"840\" height=\"473\" data-src=\"https:\/\/www.youtube.com\/embed\/uRGToJUfiG0?feature=oembed\" frameborder=\"0\" allow=\"accelerometer; autoplay; clipboard-write; encrypted-media; gyroscope; picture-in-picture; web-share\" referrerpolicy=\"strict-origin-when-cross-origin\" allowfullscreen src=\"data:image\/svg+xml;base64,PHN2ZyB3aWR0aD0iMSIgaGVpZ2h0PSIxIiB4bWxucz0iaHR0cDovL3d3dy53My5vcmcvMjAwMC9zdmciPjwvc3ZnPg==\" class=\"lazyload\" data-load-mode=\"1\"><\/iframe><\/p>\n<h2 id=\"cc-m-header-11513101795\" class=\"\">Caract\u00e9ristiques \/ Fiche technique de la Formuler GTV<\/h2>\n<\/div>\n<div id=\"cc-m-11513101895\" class=\"j-module n j-text\">\n<p>&nbsp;<\/p>\n<p>\u27a1\ufe0f Mod\u00e8le : Formuler GTV<\/p>\n<p>\u27a1\ufe0f Syst\u00e8me : Android TV 11<\/p>\n<p><span style=\"vertical-align: inherit;\"><span style=\"vertical-align: inherit;\">\ufe0f Processeur\u00a0: Amlogic S905X2<\/span><\/span><\/p>\n<p><span style=\"vertical-align: inherit;\"><span style=\"vertical-align: inherit;\"><span style=\"vertical-align: inherit;\"><span style=\"vertical-align: inherit;\"><span style=\"vertical-align: inherit;\"><span style=\"vertical-align: inherit;\">\u27a1\ufe0f GPU : Mali-G31 MP2<\/span><\/span><\/span><\/span><\/span><\/span><\/p>\n<p>\u27a1\ufe0f M\u00e9moire RAM : 2 Go DDR4<\/p>\n<p>\u27a1\ufe0f Stockage: 16 Go<\/p>\n<p>\u27a1\ufe0f Extension par carte micro SD: non<\/p>\n<p><span style=\"vertical-align: inherit;\"><span style=\"vertical-align: inherit;\">\u27a1\ufe0f WiFi : double bande 2,4 et 5 GHz AC<\/span><\/span><\/p>\n<p>\u27a1\ufe0f Ethernet : oui (Gigabit)<\/p>\n<p>\u27a1\ufe0f Bluetooth : oui<\/p>\n<p><span style=\"vertical-align: inherit;\"><span style=\"vertical-align: inherit;\">\u27a1\ufe0f Vid\u00e9o : 4K \u00e0 60 i\/s Max (H.265, H.264, VP9 &#8230;)<\/span><\/span><\/p>\n<p><span style=\"vertical-align: inherit;\"><span style=\"vertical-align: inherit;\"><span style=\"vertical-align: inherit;\"><span style=\"vertical-align: inherit;\"><span style=\"vertical-align: inherit;\"><span style=\"vertical-align: inherit;\">\u27a1\ufe0f Audio : surround 5.1<\/span><\/span><\/span><\/span><\/span><\/span><\/p>\n<p>\u27a1\ufe0f Connectique: HDMI, USB 3.0, USB2.0, SPDIF, alim, IR<\/p>\n<p>\u27a1\ufe0f Langue: Fran\u00e7ais, Anglais, multilangue &#8230;<\/p>\n<p>\u27a1\ufe0f T\u00e9l\u00e9commande: oui<\/p>\n<p>\u27a1\ufe0f Manette : non incluse<\/p>\n<p>\u27a1\ufe0f Poids et dimensions: NC<\/p>\n<p>\u27a1\ufe0f Packaging: 1 Box TV, 1 t\u00e9l\u00e9commande, 1 alim secteur, 1 c\u00e2ble HDMI, 1 manuel.<\/p>\n<p>\u27a1\ufe0f Couleur: NOIR<\/p>\n<p>\u27a1\ufe0f Prix sur internet : 155\u20ac<\/p>\n<\/div>","protected":false},"excerpt":{"rendered":"<p><strong>Le Formuler GTV, la nouvelle box TV du fabricant sp\u00e9cialis\u00e9 IPTV<\/strong><strong>. Elle est \u00e9quip\u00e9e d&rsquo;un soc Amlogic S905X2, de 2 Go de m\u00e9moire RAM et de 16 Go de stockage et tourne sous Android TV certifi\u00e9 par Google et sa superbe t\u00e9l\u00e9commande Bluetooth avec commandes vocales.\u00a0<\/strong><\/p>\n<div data-elementor-type=\"product\" data-elementor-id=\"4207\" class=\"elementor elementor-4207 product\" data-elementor-post-type=\"elementor_library\">\n<section data-particle_enable=\"false\" data-particle-mobile-disabled=\"false\" class=\"elementor-section elementor-top-section elementor-element elementor-element-1c57fdc elementor-section-boxed elementor-section-height-default elementor-section-height-default\" data-id=\"1c57fdc\" data-element_type=\"section\" data-e-type=\"section\" data-settings=\"{&quot;ekit_has_onepagescroll_dot&quot;:&quot;yes&quot;}\">\n<div class=\"elementor-container elementor-column-gap-default\" >\n<div class=\"elementor-column elementor-col-100 elementor-top-column elementor-element elementor-element-42cd400\" data-id=\"42cd400\" data-element_type=\"column\" data-e-type=\"column\">\n<div class=\"elementor-widget-wrap elementor-element-populated\">\n<div class=\"elementor-element elementor-element-f4e5a65 elementor-widget elementor-widget-toggle\" data-id=\"f4e5a65\" data-element_type=\"widget\" data-e-type=\"widget\" data-settings=\"{&quot;ekit_we_effect_on&quot;:&quot;none&quot;}\" data-widget_type=\"toggle.default\">\n<div class=\"elementor-widget-container\">\n<div class=\"elementor-toggle\">\n<div class=\"elementor-toggle-item\">\n<h3 id=\"elementor-tab-title-2561\" class=\"elementor-tab-title\" data-tab=\"1\" role=\"button\" aria-controls=\"elementor-tab-content-2561\" aria-expanded=\"false\">\n\t\t\t\t\t\t\t\t\t\t\t\t<span class=\"elementor-toggle-icon elementor-toggle-icon-left\" aria-hidden=\"true\"><br \/>\n\t\t\t\t\t\t\t\t\t\t\t\t\t\t\t<span class=\"elementor-toggle-icon-closed\"><svg class=\"e-font-icon-svg e-fas-caret-right\" viewbox=\"0 0 192 512\" xmlns=\"http:\/\/www.w3.org\/2000\/svg\"><path d=\"M0 384.662V127.338c0-17.818 21.543-26.741 34.142-14.142l128.662 128.662c7.81 7.81 7.81 20.474 0 28.284L34.142 398.804C21.543 411.404 0 402.48 0 384.662z\"><\/path><\/svg><\/span><br \/>\n\t\t\t\t\t\t\t\t<span class=\"elementor-toggle-icon-opened\"><svg class=\"elementor-toggle-icon-opened e-font-icon-svg e-fas-caret-up\" viewbox=\"0 0 320 512\" xmlns=\"http:\/\/www.w3.org\/2000\/svg\"><path d=\"M288.662 352H31.338c-17.818 0-26.741-21.543-14.142-34.142l128.662-128.662c7.81-7.81 20.474-7.81 28.284 0l128.662 128.662c12.6 12.599 3.676 34.142-14.142 34.142z\"><\/path><\/svg><\/span><br \/>\n\t\t\t\t\t\t\t\t\t\t\t\t\t<\/span><br \/>\n\t\t\t\t\t\t\t\t\t\t\t\t<a class=\"elementor-toggle-title\" tabindex=\"0\">Pays o\u00f9 nous livrons<\/a><br \/>\n\t\t\t\t\t<\/h3>\n<div id=\"elementor-tab-content-2561\" class=\"elementor-tab-content elementor-clearfix\" data-tab=\"1\" role=\"region\" aria-labelledby=\"elementor-tab-title-2561\">\n<p><span style=\"color: #ff0000;\"><strong>ALLEMAGNE, AUTRICHE, BELGIQUE, ESPAGNE, FRANCE, ITALIE, LUXEMBOURG, PAYS-BAS, PORTUGAL\u202f; DOM-TOM : Guadeloupe, Martinique et la R\u00e9union<\/strong><\/span><\/p>\n<\/div><\/div>\n<p>\t\t\t\t\t\t\t\t\t\t<script type=\"application\/ld+json\">{\"@context\":\"https:\\\/\\\/schema.org\",\"@type\":\"FAQPage\",\"mainEntity\":[{\"@type\":\"Question\",\"name\":\"Pays o\\u00f9 nous livrons\",\"acceptedAnswer\":{\"@type\":\"Answer\",\"text\":\"<\/p>\n<p><span style=\\\"color: #ff0000;\\\"><strong>ALLEMAGNE, AUTRICHE, BELGIQUE, ESPAGNE, FRANCE, ITALIE, LUXEMBOURG, PAYS-BAS, PORTUGAL\\u202f; DOM-TOM : Guadeloupe, Martinique et la R\\u00e9union<\\\/strong><\\\/span><\\\/p>\"}}]}<\/script>\n\t\t\t\t\t<\/div>\n<\/p><\/div>\n<\/p><\/div>\n<\/p><\/div>\n<\/p><\/div>\n<\/p><\/div>\n<\/section><\/div>","protected":false},"featured_media":15153,"comment_status":"open","ping_status":"closed","template":"","meta":{"_acf_changed":false,"_gspb_post_css":""},"store":[],"product_brand":[],"product_cat":[16,43071],"product_tag":[120,111],"class_list":{"0":"post-32","1":"product","2":"type-product","3":"status-publish","4":"has-post-thumbnail","6":"product_cat-android","7":"product_cat-formuler-2","8":"product_tag-nouveau","9":"product_tag-gold","10":"product_shipping_class-livraison-gratuite","12":"first","13":"instock","14":"sale","15":"featured","16":"purchasable","17":"product-type-simple"},"acf":[],"jetpack_sharing_enabled":true,"_links":{"self":[{"href":"https:\/\/formuler-store.com\/pt\/wp-json\/wp\/v2\/product\/32","targetHints":{"allow":["GET"]}}],"collection":[{"href":"https:\/\/formuler-store.com\/pt\/wp-json\/wp\/v2\/product"}],"about":[{"href":"https:\/\/formuler-store.com\/pt\/wp-json\/wp\/v2\/types\/product"}],"replies":[{"embeddable":true,"href":"https:\/\/formuler-store.com\/pt\/wp-json\/wp\/v2\/comments?post=32"}],"version-history":[{"count":0,"href":"https:\/\/formuler-store.com\/pt\/wp-json\/wp\/v2\/product\/32\/revisions"}],"wp:featuredmedia":[{"embeddable":true,"href":"https:\/\/formuler-store.com\/pt\/wp-json\/wp\/v2\/media\/15153"}],"wp:attachment":[{"href":"https:\/\/formuler-store.com\/pt\/wp-json\/wp\/v2\/media?parent=32"}],"wp:term":[{"taxonomy":"store","embeddable":true,"href":"https:\/\/formuler-store.com\/pt\/wp-json\/wp\/v2\/store?post=32"},{"taxonomy":"product_brand","embeddable":true,"href":"https:\/\/formuler-store.com\/pt\/wp-json\/wp\/v2\/product_brand?post=32"},{"taxonomy":"product_cat","embeddable":true,"href":"https:\/\/formuler-store.com\/pt\/wp-json\/wp\/v2\/product_cat?post=32"},{"taxonomy":"product_tag","embeddable":true,"href":"https:\/\/formuler-store.com\/pt\/wp-json\/wp\/v2\/product_tag?post=32"}],"curies":[{"name":"wp","href":"https:\/\/api.w.org\/{rel}","templated":true}]}}