{"id":3264,"date":"2023-12-05T18:08:28","date_gmt":"2023-12-05T17:08:28","guid":{"rendered":"https:\/\/formuler-store.com\/?page_id=3264"},"modified":"2023-12-05T18:08:52","modified_gmt":"2023-12-05T17:08:52","slug":"politique-relative-aux-cookies","status":"publish","type":"page","link":"https:\/\/formuler-store.com\/pt\/politique-relative-aux-cookies","title":{"rendered":"Politique en mati\u00e8re de cookies"},"content":{"rendered":"<p><\/p>\n\n\n<div class=\"cli_pg_page_contaner\">\n<h3>\u00c0 propos de cette politique de cookies.<\/h3>\n<div>Cette politique relative aux cookies explique ce que sont les cookies et comment nous les utilisons. Cette politique doit \u00eatre consult\u00e9e pour comprendre ce que sont les cookies, comment nous les utilisons, les types de cookies que nous utilisons, les types de cookies que nous utilisons et comment les contr\u00f4ler. Pour plus d&rsquo;informations sur la mani\u00e8re dont nous utilisons, stockons et prot\u00e9geons vos donn\u00e9es personnelles, consultez notre Politique de confidentialit\u00e9. Vous pouvez \u00e0 tout moment modifier ou retirer votre consentement \u00e0 la d\u00e9claration relative aux cookies sur notre site Web. Apprenez-en plus sur qui nous sommes, comment vous pouvez nous contacter et comment nous traitons les donn\u00e9es personnelles dans notre politique de confidentialit\u00e9. Votre consentement s&rsquo;applique aux domaines suivants : formuler-store.com<\/div>\n<h3>Que sont les cookies ?<\/h3>\n<div>Les cookies sont de petits fichiers texte utilis\u00e9s pour stocker de petites informations. Les cookies sont stock\u00e9s sur votre appareil lorsque le site Internet est charg\u00e9 sur votre navigateur. Ces cookies nous aident \u00e0 faire fonctionner le site Web correctement, \u00e0 le rendre plus s\u00e9curis\u00e9, \u00e0 offrir une meilleure exp\u00e9rience utilisateur, \u00e0 comprendre les performances du site Web et \u00e0 analyser ce qui fonctionne et o\u00f9 il doit \u00eatre am\u00e9lior\u00e9.<\/div>\n<h3>Comment utilisons-nous les cookies ?<\/h3>\n<div>\n<p>Comme la plupart des services en ligne, notre site Web utilise des cookies propri\u00e9taires et tiers \u00e0 plusieurs fins. Les cookies propri\u00e9taires sont pour la plupart n\u00e9cessaires au bon fonctionnement du site Web et ils ne collectent aucune de vos donn\u00e9es personnelles identifiables.<\/p>\n<p>Les cookies tiers utilis\u00e9s sur nos sites Web sont principalement destin\u00e9s \u00e0 comprendre les performances du site Web, \u00e0 assurer la s\u00e9curit\u00e9 de nos services, \u00e0 fournir des publicit\u00e9s pertinentes pour vous et, dans l&rsquo;ensemble, \u00e0 vous offrir une exp\u00e9rience meilleure et am\u00e9lior\u00e9e.<\/p>\n<\/div>\n<h3>Quels types de cookies utilisons-nous ?<\/h3>\n<div>Les cookies utilis\u00e9s sur notre site Web sont regroup\u00e9s dans les cat\u00e9gories suivantes.<br \/>La liste ci-dessous d\u00e9taille les cookies utilis\u00e9s sur notre site Web.<br \/><br \/><\/div>\n<h3>Comment puis-je contr\u00f4ler les pr\u00e9f\u00e9rences en mati\u00e8re de cookies ?<\/h3>\n<div>\n<p>Vous pouvez g\u00e9rer vos pr\u00e9f\u00e9rences en mati\u00e8re de cookies en cliquant sur le bouton \u00ab Param\u00e8tres \u00bb et en activant ou d\u00e9sactivant les cat\u00e9gories de cookies sur le popup selon vos pr\u00e9f\u00e9rences.<\/p>\n<p>Si vous d\u00e9cidez de modifier vos pr\u00e9f\u00e9rences ult\u00e9rieurement au cours de votre session de navigation, vous pouvez cliquer sur l&rsquo;onglet \u00ab\u00a0Politique de confidentialit\u00e9 et de cookies\u00a0\u00bb sur votre \u00e9cran. Cela affichera \u00e0 nouveau l&rsquo;avis de consentement vous permettant de modifier vos pr\u00e9f\u00e9rences ou de retirer compl\u00e8tement votre consentement.<\/p>\n<p>En plus de cela, diff\u00e9rents navigateurs proposent diff\u00e9rentes m\u00e9thodes pour bloquer et supprimer les cookies utilis\u00e9s par les sites Web. Vous pouvez modifier les param\u00e8tres de votre navigateur pour bloquer\/supprimer les cookies. Pour en savoir plus sur la gestion et la suppression des cookies, visitez wikipedia.org, www.allaboutcookies.org.<\/p>\n<\/div>\n<\/div>","protected":false},"excerpt":{"rendered":"<p>\u00c0 propos de cette politique de cookies. Cette politique relative aux cookies explique ce que sont les cookies et comment nous les utilisons. Cette politique doit \u00eatre consult\u00e9e pour comprendre ce que sont les cookies, comment nous les utilisons, les types de cookies que nous utilisons, les types de cookies que nous utilisons et comment [&hellip;]<\/p>","protected":false},"author":38,"featured_media":0,"parent":0,"menu_order":0,"comment_status":"closed","ping_status":"closed","template":"","meta":{"_acf_changed":false,"_gspb_post_css":"","footnotes":""},"class_list":["post-3264","page","type-page","status-publish","hentry"],"acf":[],"jetpack_sharing_enabled":true,"_links":{"self":[{"href":"https:\/\/formuler-store.com\/pt\/wp-json\/wp\/v2\/pages\/3264","targetHints":{"allow":["GET"]}}],"collection":[{"href":"https:\/\/formuler-store.com\/pt\/wp-json\/wp\/v2\/pages"}],"about":[{"href":"https:\/\/formuler-store.com\/pt\/wp-json\/wp\/v2\/types\/page"}],"author":[{"embeddable":true,"href":"https:\/\/formuler-store.com\/pt\/wp-json\/wp\/v2\/users\/38"}],"replies":[{"embeddable":true,"href":"https:\/\/formuler-store.com\/pt\/wp-json\/wp\/v2\/comments?post=3264"}],"version-history":[{"count":0,"href":"https:\/\/formuler-store.com\/pt\/wp-json\/wp\/v2\/pages\/3264\/revisions"}],"wp:attachment":[{"href":"https:\/\/formuler-store.com\/pt\/wp-json\/wp\/v2\/media?parent=3264"}],"curies":[{"name":"wp","href":"https:\/\/api.w.org\/{rel}","templated":true}]}}