{"id":12157,"date":"2023-08-29T10:22:23","date_gmt":"2023-08-29T08:22:23","guid":{"rendered":"https:\/\/formuler-store.com\/?post_type=product&#038;p=12157"},"modified":"2026-04-06T16:30:09","modified_gmt":"2026-04-06T14:30:09","slug":"xsarius-sniper2-4k-bluetooth-uhd-2023","status":"publish","type":"product","link":"https:\/\/formuler-store.com\/en_ca\/product\/xsarius-sniper2-4k-bluetooth-uhd-2023","title":{"rendered":"Xsarius Sniper2 4K Bluetooth UHD"},"content":{"rendered":"<h2 id=\"product_description\" class=\"slot__title\" data-test=\"title\">Description du produit<\/h2>\n<div class=\"js_show-more-description show-more active\">\n<div class=\"js_show-more-holder show-more-holder show-more--l product-tracklists-show-more--animate\">\n<div class=\"js_description_content js_show-more-content\">\n<div class=\"product-description\" data-test=\"description\">\n<p><strong>D\u00e9couvrez l&rsquo;exp\u00e9rience de divertissement ultime avec le Xsarius Sniper II Bluetooth 4K. Avec un temps de d\u00e9marrage rapide de 15 secondes, une connectivit\u00e9 Bluetooth int\u00e9gr\u00e9e et une gamme d&rsquo;applications telles que KODI, YouTube et plus encore, vous pouvez profiter sans effort de votre contenu pr\u00e9f\u00e9r\u00e9 dans une r\u00e9solution 4K \u00e9poustouflante. Faites l&rsquo;exp\u00e9rience de la puissance, de la polyvalence et d&rsquo;un monde de divertissement avec cet impressionnant lecteur multim\u00e9dia.<\/strong><\/p>\n<p><strong>\u00a0 \u00a0 \u00a0 \u00a0 \u00a0 \u00a0 \u00a0 \u00a0 \u00a0&#8211; Caract\u00e9ristiques principales<\/strong><\/p>\n<\/div>\n<\/div>\n<\/div>\n<\/div>\n<ul>\n<li style=\"list-style-type: none;\">\n<ul>\n<li>D\u00e9codage 4K @ 60p<\/li>\n<li>Installation facile avec prise en charge multilingue<\/li>\n<li>Menu OSD convivial et moderne<\/li>\n<li>Temps de d\u00e9marrage tr\u00e8s rapide, moins de 15 secondes.<\/li>\n<li>Prise en charge de PremiumTV+, stalker, M3u et Xtream<\/li>\n<li>Radio Internet et YouTube<\/li>\n<li>Mises \u00e0 jour r\u00e9guli\u00e8res du Logiciel OTA en ligne<\/li>\n<li>Enregistrement PVR USB avanc\u00e9 et TimeShifting sur<\/li>\n<li>Disque dur USB ou r\u00e9seau LAN HDD<\/li>\n<li>Bluetooth 4.2 int\u00e9gr\u00e9 pour une connexion sans fil avec la t\u00e9l\u00e9commande Bluetooth<\/li>\n<\/ul>\n<\/li>\n<\/ul>\n<p><strong>Bluetooth int\u00e9gr\u00e9<\/strong><\/p>\n<p>Avec le Bluetooth int\u00e9gr\u00e9 dans le Xsarius Sniper II 4K, vous pouvez placer le streamer multim\u00e9dia o\u00f9 vous voulez sans avoir \u00e0 viser directement la t\u00e9l\u00e9commande. Connectez-vous simplement via Bluetooth et profitez de la commodit\u00e9 sans fil. Id\u00e9al pour les murs de cin\u00e9ma.<\/p>\n<p><strong>T\u00e9l\u00e9commande Bluetooth avanc\u00e9e avec r\u00e9tro\u00e9clairage :<\/strong><\/p>\n<p>Contr\u00f4lez facilement le Xsarius Sniper II BT 4K Media Streamer, m\u00eame depuis une autre pi\u00e8ce, avec la t\u00e9l\u00e9commande Xsarius BT-L4 RCU IR et Bluetooth. Cette t\u00e9l\u00e9commande avanc\u00e9e utilise \u00e0 la fois la technologie infrarouge et la connexion sans fil Bluetooth. De plus, la t\u00e9l\u00e9commande dispose d&rsquo;une fonction de r\u00e9tro\u00e9clairage, ce qui vous permet de voir clairement les boutons m\u00eame dans l&rsquo;obscurit\u00e9. D\u00e9couvrez la facilit\u00e9 d&rsquo;utilisation ultime avec le Xsarius Sniper II 4K Media Streamer.<\/p>\n<p><strong>Set OTT-bo\u00eetier sup\u00e9rieur<\/strong><\/p>\n<p>Gr\u00e2ce au Xsarius Sniper 2 BT 4k, vous avez tout dans votre maison et vous pouvez facilement vous connecter via le syst\u00e8me WiFi Dual bande int\u00e9gr\u00e9. Le Sniper II UHD 4K est \u00e9quip\u00e9 du Hisilicon Quad Core Cortex A53, ce qui signifie que ce tireur d&rsquo;\u00e9lite a une vitesse de zapping tr\u00e8s rapide et r\u00e9pond \u00e9galement tr\u00e8s rapidement. Connectez le Mediastreamer et profitez de nombreuses applications telles que Support PremiumTV+, YouTube, Stalker et Kodi.<\/p>\n<p><strong>Temps de d\u00e9marrage rapide<\/strong><\/p>\n<p>Avec le Xsarius Sniper II BT 4K UHD, vous pouvez profiter de votre contenu pr\u00e9f\u00e9r\u00e9 en 15 secondes.<\/p>\n<p><strong>De nombreuses applications int\u00e9gr\u00e9es sous Linux<\/strong><\/p>\n<p>En raison de la grande m\u00e9moire Ram de 1 Go et 8 Go Flash , ce d\u00e9codeur Linux int\u00e8gre de nombreuses applications. Ceux-ci incluent KODI, Youtube et de nombreuses autres applications OTT<\/p>\n<p><strong>Sp\u00e9cifications :<\/strong><\/p>\n<ul>\n<li>Processeur : Hisilicon Quad- Core ARM Cortex A53 15000DMPS<\/li>\n<li>GPU : Mali-450<\/li>\n<li>RAM : 1 Go DDR3<\/li>\n<li>M\u00e9moire Flash: 8 Go<\/li>\n<\/ul>\n<p><strong>R\u00e9seau :<\/strong><\/p>\n<ul>\n<li>WiFi Dual-bande int\u00e9gr\u00e9 2.4G &amp; 5.0Ghz &#8211; 2T2R<\/li>\n<li>Port Ethernet 100Mbps<\/li>\n<\/ul>\n<p><strong>Ports:<\/strong><\/p>\n<ul>\n<li>USB 2.0 : 2x<\/li>\n<li>HDMI:1<\/li>\n<li>SPDIF: 1<\/li>\n<li>Sortie AV Tulipe\/ RCA : 1<\/li>\n<li>Interrupteur marche \/ arr\u00eat<\/li>\n<\/ul>\n<p><strong>Raccordement \u00e9lectrique<\/strong><\/p>\n<ul>\n<li>Type : 12 V<\/li>\n<li>Consommation \u00e9lectrique : 10 W<\/li>\n<\/ul>\n<p><strong>Dimensions :<\/strong><\/p>\n<ul>\n<li>Poids : 189 grammes<\/li>\n<li>Longueur : 11,1 cm<\/li>\n<li>Largeur : 11,1 cm<\/li>\n<li>Hauteur: 2 cm<\/li>\n<\/ul>","protected":false},"excerpt":{"rendered":"<p><strong>Avec le Xsarius Sniper II 4K Bluetooth, vous disposez d&rsquo;un lecteur multim\u00e9dia complet. Ce puissant lecteur multim\u00e9dia garantit un temps de d\u00e9marrage rapide de seulement 15 secondes, ce qui vous permet de profiter imm\u00e9diatement de votre contenu pr\u00e9f\u00e9r\u00e9. Qu&rsquo;il s&rsquo;agisse de films, de s\u00e9ries, de musique ou d&rsquo;autres formes de divertissement, le Xsarius Sniper II Bluetooth 4K offre tout cela.<\/strong><\/p>\n<p><strong>Diffuseur multim\u00e9dia haut de gamme PremiumTV+<\/strong><\/p>\n<p><strong>Le Xsarius Sniper Bluetooth II UHD 4K est dot\u00e9 de l&rsquo;application PremiumTV+ de haute qualit\u00e9 et ultra-rapide. Il s&rsquo;agit d&rsquo;une application exclusive qui est tr\u00e8s facile \u00e0 utiliser et fonctionne avec Stalker \/ XC \/ M3U etc. et des fonctionnalit\u00e9s telles que Live TV, VOD, s\u00e9ries TV et EPG et Record, Pause et bien plus encore&#8230;<\/strong><\/p>","protected":false},"featured_media":15121,"comment_status":"open","ping_status":"closed","template":"","meta":{"_acf_changed":false,"_gspb_post_css":""},"store":[],"product_brand":[],"product_cat":[43073],"product_tag":[120,111],"class_list":{"0":"post-12157","1":"product","2":"type-product","3":"status-publish","4":"has-post-thumbnail","6":"product_cat-xsarius","7":"product_tag-nouveau","8":"product_tag-gold","9":"product_shipping_class-livraison-gratuite","11":"first","12":"instock","13":"sale","14":"featured","15":"purchasable","16":"product-type-simple"},"acf":[],"jetpack_sharing_enabled":true,"_links":{"self":[{"href":"https:\/\/formuler-store.com\/en_ca\/wp-json\/wp\/v2\/product\/12157","targetHints":{"allow":["GET"]}}],"collection":[{"href":"https:\/\/formuler-store.com\/en_ca\/wp-json\/wp\/v2\/product"}],"about":[{"href":"https:\/\/formuler-store.com\/en_ca\/wp-json\/wp\/v2\/types\/product"}],"replies":[{"embeddable":true,"href":"https:\/\/formuler-store.com\/en_ca\/wp-json\/wp\/v2\/comments?post=12157"}],"version-history":[{"count":0,"href":"https:\/\/formuler-store.com\/en_ca\/wp-json\/wp\/v2\/product\/12157\/revisions"}],"wp:featuredmedia":[{"embeddable":true,"href":"https:\/\/formuler-store.com\/en_ca\/wp-json\/wp\/v2\/media\/15121"}],"wp:attachment":[{"href":"https:\/\/formuler-store.com\/en_ca\/wp-json\/wp\/v2\/media?parent=12157"}],"wp:term":[{"taxonomy":"store","embeddable":true,"href":"https:\/\/formuler-store.com\/en_ca\/wp-json\/wp\/v2\/store?post=12157"},{"taxonomy":"product_brand","embeddable":true,"href":"https:\/\/formuler-store.com\/en_ca\/wp-json\/wp\/v2\/product_brand?post=12157"},{"taxonomy":"product_cat","embeddable":true,"href":"https:\/\/formuler-store.com\/en_ca\/wp-json\/wp\/v2\/product_cat?post=12157"},{"taxonomy":"product_tag","embeddable":true,"href":"https:\/\/formuler-store.com\/en_ca\/wp-json\/wp\/v2\/product_tag?post=12157"}],"curies":[{"name":"wp","href":"https:\/\/api.w.org\/{rel}","templated":true}]}}