{"id":6031,"date":"2022-02-19T18:35:44","date_gmt":"2022-02-19T17:35:44","guid":{"rendered":"https:\/\/formuler-store.com\/?post_type=product&#038;p=6031"},"modified":"2026-01-19T09:27:53","modified_gmt":"2026-01-19T08:27:53","slug":"formuler-z10-se","status":"publish","type":"product","link":"https:\/\/formuler-store.com\/en\/product\/formuler-z10-se","title":{"rendered":"Formuler Z10 SE"},"content":{"rendered":"<div id=\"cc-m-11513101795\" class=\"j-module n j-header\">\n<h2 id=\"cc-m-header-11513101795\" class=\"\">Caract\u00e9ristiques \/ Fiche technique Formuler<img decoding=\"async\" class=\"alignnone wp-image-6042 lazyload\" data-src=\"https:\/\/formuler-store.com\/wp-content\/uploads\/2022\/02\/Z10SE-LOGO.webp\" alt=\"\" width=\"158\" height=\"36\" title=\"\" src=\"data:image\/svg+xml;base64,PHN2ZyB3aWR0aD0iMSIgaGVpZ2h0PSIxIiB4bWxucz0iaHR0cDovL3d3dy53My5vcmcvMjAwMC9zdmciPjwvc3ZnPg==\" style=\"--smush-placeholder-width: 158px; --smush-placeholder-aspect-ratio: 158\/36;\"><\/h2>\n<\/div>\n<div id=\"cc-m-11513101895\" class=\"j-module n j-text\">\n<p>&nbsp;<\/p>\n<div id=\"comp-kvrcww1t4\" class=\"_1Q9if\" data-testid=\"richTextElement\">\n<p class=\"font_8\">Sp\u00e9cifications :<\/p>\n<\/div>\n<div id=\"comp-kvrcww1v\" class=\"_2Hij5\" data-testid=\"richTextElement\">\n<p class=\"font_8\">R\u00e9solution de sortie: 4K (3840 x 2160)<br \/>\nCPU : RealTek RTD1319<br \/>\nGPU : ARM G31 MP2<br \/>\nRAM: 2GB DDR4 @2400MHz<br \/>\nStockage : 4GB eMMC<br \/>\nSyst\u00e8me d&rsquo;exploitation : Android 10<\/p>\n<\/div>\n<div id=\"comp-kvrcww1y1\" class=\"_1Q9if\" data-testid=\"richTextElement\">\n<p class=\"font_8\">R\u00e9seau :Sans fil : 2.4G 1T1R<\/p>\n<\/div>\n<div id=\"comp-kvrcww20\" class=\"_2Hij5\" data-testid=\"richTextElement\">\n<p class=\"font_8\">Ethernet : 100M<\/p>\n<\/div>\n<div id=\"comp-kvrcww233\" class=\"_1Q9if\" data-testid=\"richTextElement\">\n<p class=\"font_8\">D\u00e9codeur :D\u00e9codeur vid\u00e9o : 4K@60fps, AV1, H.265(HEVC), AVS, H.264(AVC, MVC), Real, MPEG1\/2\/4, VC-1<\/p>\n<\/div>\n<div id=\"comp-kvrcww25\" class=\"_1Q9if\" data-testid=\"richTextElement\">\n<p class=\"font_8\">D\u00e9codeur audio : MPEG-1 Layer 1,2,3(2-CH), MPEG-2 Layer 1,2, HE AAC V1\/V2<\/p>\n<p class=\"font_8\">Support Language: Global DRM : Widevine L1, L3<\/p>\n<\/div>\n<div id=\"comp-kvrcww28\" class=\"_1Q9if\" data-testid=\"richTextElement\">\n<p class=\"font_8\">Dimensions : Length : 88mm<\/p>\n<\/div>\n<div id=\"comp-kvrcww2a\" class=\"_2Hij5\" data-testid=\"richTextElement\">\n<p class=\"font_8\">Width: 88mm<\/p>\n<p class=\"font_8\">Thickness: 17mm<\/p>\n<p class=\"font_8\">Color: Black<\/p>\n<\/div>\n<div id=\"comp-kvrcww2e1\" class=\"_1Q9if\" data-testid=\"richTextElement\">\n<p class=\"font_8\">Ports : Power Input : 1<\/p>\n<p class=\"font_8\">USB3.0 : 1 HDMI : 1 LAN : 1<\/p>\n<\/div>\n<div id=\"comp-kvrcww2j\" class=\"_1Q9if\" data-testid=\"richTextElement\">\n<p class=\"font_8\">Entr\u00e9e d\u2019alimentation : Puissance nominale : 12VDC \/ 1A<\/p>\n<\/div>\n<div id=\"comp-kvrcww2k1\" class=\"_1Q9if\" data-testid=\"richTextElement\">\n<p class=\"font_8\">Consommation \u00e9lectrique : Max. 12W<br \/>\nalimentation en veille : Max. 0.5W (puissance ultra-faible)<\/p>\n<\/div>\n<div id=\"comp-kvrcww2n2\" class=\"_1Q9if\" data-testid=\"richTextElement\">\n<p class=\"font_8\">Option : pris en charge USB ATSC tuner :<\/p>\n<\/div>\n<div id=\"comp-kvrcww2o2\" class=\"_1Q9if\" data-testid=\"richTextElement\">\n<p class=\"font_8\">&#8211; Hauppauge WinTV-HVR-955Q (2040:b123)<br \/>\n&#8211; Hauppauge WinTV-HVR-955Q (2040:b150)<br \/>\n&#8211; Hauppauge WinTV-dualHD (2040:026d)<span class=\"wixGuard\">\u200b<\/span><\/p>\n<p class=\"font_8\">pris en charge USB DVB-T tuner :<br \/>\n&#8211; Hauppauge WinTV-dualHD (2040:0265)<br \/>\n&#8211; Geniatech MyGica T230 Black (0572:689A)<br \/>\n&#8211; Geniatech OEM T230 White (0572:c68a)<\/p>\n<\/div>\n<div id=\"comp-kvrcww2q\" class=\"_2Hij5\" data-testid=\"richTextElement\">\n<p class=\"font_8\">Les termes HDMI et HDMI High-Definition Multimedia Interface et le logo HDMI sont des marques commerciales ou des marques d\u00e9pos\u00e9es de HDMI Licensing LLC aux \u00c9tats-Unis et dans d&rsquo;autres pays. Couvert par une ou plusieurs revendications des brevets r\u00e9pertori\u00e9s sur patentlist.hevcadvance.com. *N\u00e9cessite une connexion Internet. La disponibilit\u00e9 des services varie selon le pays et la langue. Des abonnements aux services peuvent \u00eatre n\u00e9cessaires. *L&rsquo;enregistrement et le timeshifting n\u00e9cessitent un p\u00e9riph\u00e9rique de stockage USB externe ou un NAS. *Le logo HDR10+\u2122 est une marque d\u00e9pos\u00e9e de HDR10+ Technologies, LLC.<\/p>\n<\/div>\n<div class=\"\" data-mesh-id=\"comp-kvrcww0t1inlineContent\" data-testid=\"inline-content\">\n<div data-mesh-id=\"comp-kvrcww0t1inlineContent-gridContainer\" data-testid=\"mesh-container-content\">\n<div id=\"comp-kvrcww0u4\" class=\"_1Q9if\" data-testid=\"richTextElement\" data-angle=\"0\" data-angle-style-location=\"style\" data-screen-in-hide=\"done\">\n<h3 class=\"font_3\"><span class=\"color_15\">Les composants inclus dans la bo\u00eete :<\/span><\/h3>\n<\/div>\n<div id=\"comp-kvrcww0w\" class=\"_2Hij5\" data-testid=\"richTextElement\" data-angle=\"0\" data-angle-style-location=\"style\" data-screen-in-hide=\"done\">\n<ul class=\"color_15 font_3\">\n<li>\n<h3 class=\"font_3\"><span class=\"color_15\">R\u00e9cepteur multim\u00e9dia<\/span><\/h3>\n<\/li>\n<li>\n<h3 class=\"font_3\"><span class=\"color_15\">T\u00e9l\u00e9commande<\/span><\/h3>\n<\/li>\n<li>\n<h3 class=\"font_3\"><span class=\"color_15\">C\u00e2ble TV<\/span><\/h3>\n<\/li>\n<li>\n<h3 class=\"font_3\"><span class=\"color_15\">Adaptateur d\u2019alimentation<\/span><\/h3>\n<\/li>\n<li>\n<h3 class=\"font_3\"><span class=\"color_15\">piles<\/span><\/h3>\n<\/li>\n<li>\n<h3 class=\"font_3\"><span class=\"color_15\">Guide d&rsquo;installation rapide<\/span><\/h3>\n<\/li>\n<\/ul>\n<\/div>\n<\/div>\n<\/div>\n<\/div>","protected":false},"excerpt":{"rendered":"<h4><img decoding=\"async\" class=\"size-medium wp-image-13376 aligncenter lazyload\" data-src=\"http:\/\/formuler-store.com\/wp-content\/uploads\/2022\/10\/logo-formuler-300x60.png\" alt=\"\" width=\"300\" height=\"60\" src=\"data:image\/svg+xml;base64,PHN2ZyB3aWR0aD0iMSIgaGVpZ2h0PSIxIiB4bWxucz0iaHR0cDovL3d3dy53My5vcmcvMjAwMC9zdmciPjwvc3ZnPg==\" style=\"--smush-placeholder-width: 300px; --smush-placeholder-aspect-ratio: 300\/60;\" \/><\/h4>\n<h4 class=\"font_3\">Le Formuler Z10 SE est le choix id\u00e9al pour une exp\u00e9rience IPTV\/OTT pratique \u00e0 un prix abordable.<\/h4>\n<p><strong>MYTVOnline2<\/strong><\/p>\n<p>La plateforme MYTVOnline2 exclusive pour le Formuler est la meilleure plateforme de visualisation multim\u00e9dia du march\u00e9. Elle offre aux utilisateurs une interface \u00e0 la fois raffin\u00e9e et professionnelle. Une optimisation \u00e9tendue et une int\u00e9gration transparente au syst\u00e8me Android et au joueur natif permettent aux utilisateurs de jouer virtuellement quel que soit le format multim\u00e9dia et de zoomer sans effort et \u00e0 grande vitesse au travers des menus.<\/p>\n<p><strong>Exp\u00e9rience\u00a0cin\u00e9matographique de vid\u00e9o \u00e0 la demande<\/strong><br \/>\nInterface et fonctionnalit\u00e9s conviviales : suivi de la progression, reprise de la lecture, liste de ce qui a \u00e9t\u00e9 r\u00e9cemment regard\u00e9 et favoris.\u00a0 M\u00e9tadonn\u00e9es premium du multim\u00e9dia : pour voir les bandes-annonces, la distribution, des photos et le synopsis<\/p>\n<p><strong>Enregistrement et d\u00e9calage horaire avanc\u00e9s<\/strong><br \/>\nEnregistrez et d\u00e9calez simultan\u00e9ment le programme \u00e0 l\u2019\u00e9cran*. Pause et retour en arri\u00e8re de la TV en direct Lecture de pointe en mode astuce : Avance rapide, retour rapide : x2, x4, x8, x16. Recommencez le programme en cours depuis le d\u00e9but.<\/p>\n<p><strong>Couleur HDR r\u00e9elle<\/strong><\/p>\n<p>Obtenez des d\u00e9tails de couleurs riches et r\u00e9alistes, m\u00eame dans les ombres les plus sombres et les hautes lumi\u00e8res les plus lumineuses, lorsque vous diffusez du contenu HDR sur une t\u00e9l\u00e9vision compatible avec HDR TV. Le HDR affiche une plus large gamme de couleurs, des blancs plus brillants et des noirs plus profonds tout en cr\u00e9ant des images plus naturelles, plus belles et plus r\u00e9alistes.<\/p>\n<p><strong>Puissante fonction d\u2019image en incrustation (PiP) sur multiples \u00e9crans<\/strong><br \/>\nRegardez simultan\u00e9ment deux \u00e9v\u00e9nements en direct de mani\u00e8re fluide sur l\u2019\u00e9cran du t\u00e9l\u00e9viseur.<br \/>\nBasculez en un tour de main entre la cha\u00eene principale et la cha\u00eene incrust\u00e9e pour suivre l\u2019action sur deux cha\u00eenes diff\u00e9rentes.<\/p>\n<p><strong>Connectivit\u00e9 de niveau professionnel<\/strong><br \/>\nLe FORMULER Z10 SE offre toutes les options de connexion n\u00e9cessaires pour regarder<br \/>\nvos contenus en streaming 4K en toute simplicit\u00e9.<\/p>\n<div class=\"elementor elementor-6079 product\" data-elementor-type=\"product\" data-elementor-id=\"6079\">\n<section class=\"elementor-section elementor-top-section elementor-element elementor-element-7aa6ba9 elementor-section-boxed elementor-section-height-default elementor-section-height-default\" data-id=\"7aa6ba9\" data-element_type=\"section\">\n<div class=\"elementor-container elementor-column-gap-default\">\n<div class=\"elementor-column elementor-col-100 elementor-top-column elementor-element elementor-element-c6a296d\" data-id=\"c6a296d\" data-element_type=\"column\">\n<div class=\"elementor-widget-wrap elementor-element-populated\">\n<div class=\"elementor-element elementor-element-2f8b8d8 elementor-widget elementor-widget-porto_fancytext\" data-id=\"2f8b8d8\" data-element_type=\"widget\" data-widget_type=\"porto_fancytext.default\">\n<div class=\"elementor-widget-container\"><\/div>\n<\/div>\n<\/div>\n<\/div>\n<\/div>\n<\/section>\n<\/div>","protected":false},"featured_media":15157,"comment_status":"open","ping_status":"closed","template":"","meta":{"_acf_changed":false,"_gspb_post_css":""},"store":[],"product_brand":[],"product_cat":[43071],"product_tag":[129],"class_list":{"0":"post-6031","1":"product","2":"type-product","3":"status-publish","4":"has-post-thumbnail","6":"product_cat-formuler-2","7":"product_tag-gamme-z10","8":"product_shipping_class-livraison-gratuite","10":"first","11":"instock","12":"sale","13":"featured","14":"purchasable","15":"product-type-simple"},"acf":[],"jetpack_sharing_enabled":true,"_links":{"self":[{"href":"https:\/\/formuler-store.com\/en\/wp-json\/wp\/v2\/product\/6031","targetHints":{"allow":["GET"]}}],"collection":[{"href":"https:\/\/formuler-store.com\/en\/wp-json\/wp\/v2\/product"}],"about":[{"href":"https:\/\/formuler-store.com\/en\/wp-json\/wp\/v2\/types\/product"}],"replies":[{"embeddable":true,"href":"https:\/\/formuler-store.com\/en\/wp-json\/wp\/v2\/comments?post=6031"}],"version-history":[{"count":0,"href":"https:\/\/formuler-store.com\/en\/wp-json\/wp\/v2\/product\/6031\/revisions"}],"wp:featuredmedia":[{"embeddable":true,"href":"https:\/\/formuler-store.com\/en\/wp-json\/wp\/v2\/media\/15157"}],"wp:attachment":[{"href":"https:\/\/formuler-store.com\/en\/wp-json\/wp\/v2\/media?parent=6031"}],"wp:term":[{"taxonomy":"store","embeddable":true,"href":"https:\/\/formuler-store.com\/en\/wp-json\/wp\/v2\/store?post=6031"},{"taxonomy":"product_brand","embeddable":true,"href":"https:\/\/formuler-store.com\/en\/wp-json\/wp\/v2\/product_brand?post=6031"},{"taxonomy":"product_cat","embeddable":true,"href":"https:\/\/formuler-store.com\/en\/wp-json\/wp\/v2\/product_cat?post=6031"},{"taxonomy":"product_tag","embeddable":true,"href":"https:\/\/formuler-store.com\/en\/wp-json\/wp\/v2\/product_tag?post=6031"}],"curies":[{"name":"wp","href":"https:\/\/api.w.org\/{rel}","templated":true}]}}