{"id":13387,"date":"2024-01-08T21:04:54","date_gmt":"2024-01-08T20:04:54","guid":{"rendered":"https:\/\/formuler-store.com\/?post_type=product&#038;p=13387"},"modified":"2026-04-08T11:03:05","modified_gmt":"2026-04-08T09:03:05","slug":"formuler-z11-pro-edition-bt-coque-offerte","status":"publish","type":"product","link":"https:\/\/formuler-store.com\/en\/product\/formuler-z11-pro-edition-bt-coque-offerte","title":{"rendered":"Formuler Z11 PRO \u2013 EDITION BT (Coque offerte)"},"content":{"rendered":"<div data-elementor-type=\"product-post\" data-elementor-id=\"13387\" class=\"elementor elementor-13387\" data-elementor-post-type=\"product\">\n\t\t\t\t\t\t<section data-particle_enable=\"false\" data-particle-mobile-disabled=\"false\" class=\"elementor-section elementor-top-section elementor-element elementor-element-4a3e9b elementor-section-content-middle elementor-section-boxed elementor-section-height-default elementor-section-height-default\" data-id=\"4a3e9b\" data-element_type=\"section\" data-e-type=\"section\" data-settings=\"{&quot;background_background&quot;:&quot;classic&quot;,&quot;ekit_has_onepagescroll_dot&quot;:&quot;yes&quot;}\">\r\n\t\t\t\t\t\t\t\t\t\t<div class=\"elementor-container elementor-column-gap-no\" >\r\n\t\t\t\t\t\t\t\t\t\t<div class=\"elementor-column elementor-col-33 elementor-top-column elementor-element elementor-element-61943b88\" data-id=\"61943b88\" data-element_type=\"column\" data-e-type=\"column\">\r\n\t\t\t\r\n\t\t\t<div class=\"elementor-widget-wrap elementor-element-populated\">\r\n\t\t\t\t\t\t\t\t<div class=\"elementor-element elementor-element-243c7472 elementor-view-default elementor-position-block-start elementor-mobile-position-block-start elementor-widget elementor-widget-icon-box\" data-id=\"243c7472\" data-element_type=\"widget\" data-e-type=\"widget\" data-settings=\"{&quot;ekit_we_effect_on&quot;:&quot;none&quot;}\" data-widget_type=\"icon-box.default\">\n\t\t\t\t\t\t<div class=\"elementor-widget-container\">\n\t\t\t\t\t\t\t<div class=\"elementor-icon-box-wrapper\">\n\n\t\t\t\t\t\t<div class=\"elementor-icon-box-icon\">\n\t\t\t\t<span  class=\"elementor-icon\">\n\t\t\t\t<svg aria-hidden=\"true\" class=\"e-font-icon-svg e-fas-star\" viewbox=\"0 0 576 512\" xmlns=\"http:\/\/www.w3.org\/2000\/svg\"><path d=\"M259.3 17.8L194 150.2 47.9 171.5c-26.2 3.8-36.7 36.1-17.7 54.6l105.7 103-25 145.5c-4.5 26.3 23.2 46 46.4 33.7L288 439.6l130.7 68.7c23.2 12.2 50.9-7.4 46.4-33.7l-25-145.5 105.7-103c19-18.5 8.5-50.8-17.7-54.6L382 150.2 316.7 17.8c-11.7-23.6-45.6-23.9-57.4 0z\"><\/path><\/svg>\t\t\t\t<\/span>\n\t\t\t<\/div>\n\t\t\t\n\t\t\t\t\t\t<div class=\"elementor-icon-box-content\">\n\n\t\t\t\t\t\t\t\t\t<h3 class=\"elementor-icon-box-title\">\n\t\t\t\t\t\t<span  >\n\t\t\t\t\t\t\tQualit\u00e9\t\t\t\t\t\t<\/span>\n\t\t\t\t\t<\/h3>\n\t\t\t\t\n\t\t\t\t\t\t\t\t\t<p class=\"elementor-icon-box-description\">\n\t\t\t\t\t\tRegardez du contenu haute qualit\u00e9 en toute simplicit\u00e9 sur grand \u00e9cran avec le tout nouveau Formuler Z10 Pro Max.\t\t\t\t\t<\/p>\n\t\t\t\t\n\t\t\t<\/div>\n\t\t\t\n\t\t<\/div>\n\t\t\t\t\t\t<\/div>\n\t\t\t\t<\/div>\n\t\t\t\t<div class=\"elementor-element elementor-element-679e822a elementor-view-default elementor-position-block-start elementor-mobile-position-block-start elementor-widget elementor-widget-icon-box\" data-id=\"679e822a\" data-element_type=\"widget\" data-e-type=\"widget\" data-settings=\"{&quot;ekit_we_effect_on&quot;:&quot;none&quot;}\" data-widget_type=\"icon-box.default\">\n\t\t\t\t\t\t<div class=\"elementor-widget-container\">\n\t\t\t\t\t\t\t<div class=\"elementor-icon-box-wrapper\">\n\n\t\t\t\t\t\t<div class=\"elementor-icon-box-icon\">\n\t\t\t\t<span  class=\"elementor-icon\">\n\t\t\t\t<svg aria-hidden=\"true\" class=\"e-font-icon-svg e-fas-star\" viewbox=\"0 0 576 512\" xmlns=\"http:\/\/www.w3.org\/2000\/svg\"><path d=\"M259.3 17.8L194 150.2 47.9 171.5c-26.2 3.8-36.7 36.1-17.7 54.6l105.7 103-25 145.5c-4.5 26.3 23.2 46 46.4 33.7L288 439.6l130.7 68.7c23.2 12.2 50.9-7.4 46.4-33.7l-25-145.5 105.7-103c19-18.5 8.5-50.8-17.7-54.6L382 150.2 316.7 17.8c-11.7-23.6-45.6-23.9-57.4 0z\"><\/path><\/svg>\t\t\t\t<\/span>\n\t\t\t<\/div>\n\t\t\t\n\t\t\t\t\t\t<div class=\"elementor-icon-box-content\">\n\n\t\t\t\t\t\t\t\t\t<h3 class=\"elementor-icon-box-title\">\n\t\t\t\t\t\t<span  >\n\t\t\t\t\t\t\tL\u00e9gendaire\t\t\t\t\t\t<\/span>\n\t\t\t\t\t<\/h3>\n\t\t\t\t\n\t\t\t\t\t\t\t\t\t<p class=\"elementor-icon-box-description\">\n\t\t\t\t\t\tLe Formuler le plus rapide de tous les temps\t\t\t\t\t<\/p>\n\t\t\t\t\n\t\t\t<\/div>\n\t\t\t\n\t\t<\/div>\n\t\t\t\t\t\t<\/div>\n\t\t\t\t<\/div>\n\t\t\t\t\t<\/div>\r\n\t\t\t\r\n\t\t<\/div>\r\n\t\t\t\t<div class=\"elementor-column elementor-col-33 elementor-top-column elementor-element elementor-element-552b3486\" data-id=\"552b3486\" data-element_type=\"column\" data-e-type=\"column\">\r\n\t\t\t\r\n\t\t\t<div class=\"elementor-widget-wrap elementor-element-populated\">\r\n\t\t\t\t\t\t\t\t<div class=\"elementor-element elementor-element-4d0ddb75 elementor-widget elementor-widget-image\" data-id=\"4d0ddb75\" data-element_type=\"widget\" data-e-type=\"widget\" data-settings=\"{&quot;ekit_we_effect_on&quot;:&quot;none&quot;}\" data-widget_type=\"image.default\">\n\t\t\t\t\t\t<div class=\"elementor-widget-container\">\n\t\t\t\t\t\t\t\t\t\t\t\t\t\t\t<img fetchpriority=\"high\" decoding=\"async\" width=\"2560\" height=\"2093\" src=\"https:\/\/formuler-store.com\/wp-content\/themes\/rehub-theme\/images\/default\/blank.gif\" data-src=\"https:\/\/formuler-store.com\/wp-content\/uploads\/2021\/08\/Z10-PRO-SPEC-scaled.jpg\" class=\"lazyload attachment-full size-full wp-image-2364\" alt=\"\" srcset=\"https:\/\/formuler-store.com\/wp-content\/uploads\/2021\/08\/Z10-PRO-SPEC-scaled.jpg 2560w, https:\/\/formuler-store.com\/wp-content\/uploads\/2021\/08\/Z10-PRO-SPEC-scaled-509x416.jpg 509w\" sizes=\"(max-width: 2560px) 100vw, 2560px\" title=\"\">\t\t\t\t\t\t\t\t\t\t\t\t\t\t\t<\/div>\n\t\t\t\t<\/div>\n\t\t\t\t\t<\/div>\r\n\t\t\t\r\n\t\t<\/div>\r\n\t\t\t\t<div class=\"elementor-column elementor-col-33 elementor-top-column elementor-element elementor-element-3210f2b6\" data-id=\"3210f2b6\" data-element_type=\"column\" data-e-type=\"column\">\r\n\t\t\t\r\n\t\t\t<div class=\"elementor-widget-wrap elementor-element-populated\">\r\n\t\t\t\t\t\t\t\t<div class=\"elementor-element elementor-element-54a0cb86 elementor-view-default elementor-position-block-start elementor-mobile-position-block-start elementor-widget elementor-widget-icon-box\" data-id=\"54a0cb86\" data-element_type=\"widget\" data-e-type=\"widget\" data-settings=\"{&quot;ekit_we_effect_on&quot;:&quot;none&quot;}\" data-widget_type=\"icon-box.default\">\n\t\t\t\t\t\t<div class=\"elementor-widget-container\">\n\t\t\t\t\t\t\t<div class=\"elementor-icon-box-wrapper\">\n\n\t\t\t\t\t\t<div class=\"elementor-icon-box-icon\">\n\t\t\t\t<span  class=\"elementor-icon\">\n\t\t\t\t<svg aria-hidden=\"true\" class=\"e-font-icon-svg e-fas-star\" viewbox=\"0 0 576 512\" xmlns=\"http:\/\/www.w3.org\/2000\/svg\"><path d=\"M259.3 17.8L194 150.2 47.9 171.5c-26.2 3.8-36.7 36.1-17.7 54.6l105.7 103-25 145.5c-4.5 26.3 23.2 46 46.4 33.7L288 439.6l130.7 68.7c23.2 12.2 50.9-7.4 46.4-33.7l-25-145.5 105.7-103c19-18.5 8.5-50.8-17.7-54.6L382 150.2 316.7 17.8c-11.7-23.6-45.6-23.9-57.4 0z\"><\/path><\/svg>\t\t\t\t<\/span>\n\t\t\t<\/div>\n\t\t\t\n\t\t\t\t\t\t<div class=\"elementor-icon-box-content\">\n\n\t\t\t\t\t\t\t\t\t<h3 class=\"elementor-icon-box-title\">\n\t\t\t\t\t\t<span  >\n\t\t\t\t\t\t\tSystem\t\t\t\t\t\t<\/span>\n\t\t\t\t\t<\/h3>\n\t\t\t\t\n\t\t\t\t\t\t\t\t\t<p class=\"elementor-icon-box-description\">\n\t\t\t\t\t\tMeilleure technologie de d\u00e9codage\t\t\t\t\t<\/p>\n\t\t\t\t\n\t\t\t<\/div>\n\t\t\t\n\t\t<\/div>\n\t\t\t\t\t\t<\/div>\n\t\t\t\t<\/div>\n\t\t\t\t<div class=\"elementor-element elementor-element-66cfec20 elementor-view-default elementor-position-block-start elementor-mobile-position-block-start elementor-widget elementor-widget-icon-box\" data-id=\"66cfec20\" data-element_type=\"widget\" data-e-type=\"widget\" data-settings=\"{&quot;ekit_we_effect_on&quot;:&quot;none&quot;}\" data-widget_type=\"icon-box.default\">\n\t\t\t\t\t\t<div class=\"elementor-widget-container\">\n\t\t\t\t\t\t\t<div class=\"elementor-icon-box-wrapper\">\n\n\t\t\t\t\t\t<div class=\"elementor-icon-box-icon\">\n\t\t\t\t<span  class=\"elementor-icon\">\n\t\t\t\t<svg aria-hidden=\"true\" class=\"e-font-icon-svg e-fas-star\" viewbox=\"0 0 576 512\" xmlns=\"http:\/\/www.w3.org\/2000\/svg\"><path d=\"M259.3 17.8L194 150.2 47.9 171.5c-26.2 3.8-36.7 36.1-17.7 54.6l105.7 103-25 145.5c-4.5 26.3 23.2 46 46.4 33.7L288 439.6l130.7 68.7c23.2 12.2 50.9-7.4 46.4-33.7l-25-145.5 105.7-103c19-18.5 8.5-50.8-17.7-54.6L382 150.2 316.7 17.8c-11.7-23.6-45.6-23.9-57.4 0z\"><\/path><\/svg>\t\t\t\t<\/span>\n\t\t\t<\/div>\n\t\t\t\n\t\t\t\t\t\t<div class=\"elementor-icon-box-content\">\n\n\t\t\t\t\t\t\t\t\t<h3 class=\"elementor-icon-box-title\">\n\t\t\t\t\t\t<span  >\n\t\t\t\t\t\t\tEcran\t\t\t\t\t\t<\/span>\n\t\t\t\t\t<\/h3>\n\t\t\t\t\n\t\t\t\t\t\t\t\t\t<p class=\"elementor-icon-box-description\">\n\t\t\t\t\t\tL\u2019\u00e9cran d\u2019accueil du Formuler Z10 Pro Max n\u2019est pas encombr\u00e9 de publicit\u00e9s, ce qui vous permet de rechercher et d\u00e9marrer plus facilement vos applications et vos contenus pr\u00e9f\u00e9r\u00e9s. \t\t\t\t\t<\/p>\n\t\t\t\t\n\t\t\t<\/div>\n\t\t\t\n\t\t<\/div>\n\t\t\t\t\t\t<\/div>\n\t\t\t\t<\/div>\n\t\t\t\t\t<\/div>\r\n\t\t\t\r\n\t\t<\/div>\r\n\t\t\t\t\t\t\t\t\t\t\t\t\t\t\t<\/div>\r\n\t\t\t\t\t\t\t<\/section>\r\n\t\t\t\t<section data-particle_enable=\"false\" data-particle-mobile-disabled=\"false\" class=\"elementor-section elementor-top-section elementor-element elementor-element-185e68c0 elementor-section-boxed elementor-section-height-default elementor-section-height-default\" data-id=\"185e68c0\" data-element_type=\"section\" data-e-type=\"section\" data-settings=\"{&quot;ekit_has_onepagescroll_dot&quot;:&quot;yes&quot;}\">\r\n\t\t\t\t\t\t\t\t\t\t<div class=\"elementor-container elementor-column-gap-default\" >\r\n\t\t\t\t\t\t\t\t\t\t<div class=\"elementor-column elementor-col-100 elementor-top-column elementor-element elementor-element-61f3425f\" data-id=\"61f3425f\" data-element_type=\"column\" data-e-type=\"column\">\r\n\t\t\t\r\n\t\t\t<div class=\"elementor-widget-wrap elementor-element-populated\">\r\n\t\t\t\t\t\t\t\t<div class=\"elementor-element elementor-element-56be1f58 elementor-widget elementor-widget-text-editor\" data-id=\"56be1f58\" data-element_type=\"widget\" data-e-type=\"widget\" data-settings=\"{&quot;ekit_we_effect_on&quot;:&quot;none&quot;}\" data-widget_type=\"text-editor.default\">\n\t\t\t\t\t\t<div class=\"elementor-widget-container\">\n\t\t\t\t\t\t\t\t\t<div id=\"cc-m-11513101795\" class=\"j-module n j-header\"><h2 id=\"cc-m-header-11513101795\" class=\"\">Caract\u00e9ristiques \/ Fiche technique de la Formuler Z10 PRO MAX<\/h2><\/div><div id=\"cc-m-11513101895\" class=\"j-module n j-text\"><p><strong><span class=\"goog-text-highlight\">CARACT\u00c9RISTIQUES PRINCIPALES :<\/span><\/strong><\/p><ul><li style=\"list-style-type: none;\"><ul><li>ANDROID 10,<\/li><li>4 Go de RAM,<\/li><li>M\u00c9MOIRE FLASH 35 Go,<\/li><li>WIFI DOUBLE BANDE,<\/li><li>PORT ETHERNET 1GBIT,<\/li><li>R\u00c9SOLUTION 4K 60 ips (3840 x 2160)<\/li><\/ul><\/li><\/ul><h2 class=\"formuler\" style=\"text-align: center;\"><span style=\"color: #ff9900;\">Une qualit\u00e9 incomparable<\/span><\/h2><\/div><p><strong>La mise en r\u00e9seau<\/strong><\/p><p>Sans fil : Dual-Band 2&#215;2 AC Sans fil<br \/>BT : 5.0<br \/>Ethernet : 1000M (Gigabit)<\/p><h2 class=\"formuler\" style=\"text-align: center;\"><span style=\"color: #ff9900;\">Meilleure technologie de d\u00e9codage<\/span><\/h2><p><strong>D\u00e9codeur :<\/strong><\/p><p><span style=\"color: var( --e-global-color-text ); font-family: var( --e-global-typography-text-font-family ), Sans-serif; font-size: 22px; font-weight: var( --e-global-typography-text-font-weight ); letter-spacing: -0.02em;\">d\u00e9codeur vid\u00e9o : 4K@60fps, AV1, H.265(HEVC), AVS, H.264(AVC, MVC), Real, MPEG1\/2\/4, VC-1<\/span><\/p><p>D\u00e9codeur audio : MPEG-1 Layer 1,2,3 (2-CH), MPEG-2 couche 1,2, HE AAC V1\/V2<\/p><p>Langue de prise en charge : Global<br \/>DRM : Widevine L1, L3<br \/><strong>Dimensions :<\/strong><\/p><p>Longueur : 105 mm<br \/>Largeur : 105 mm<br \/>Epaisseur : 21 mm<br \/>Couleur : Noir<\/p><p><strong>Ports<\/strong><\/p><p>Entr\u00e9e d&rsquo;alimentation : 1<br \/>USB3.0 : 1<br \/>USB2.0 : 1<br \/>HDMI : 1<br \/>Gigabit LAN : 1<\/p><p>Carte Micro SD : 1<br \/>Extension IR : 1<\/p><p><strong>Entr\u00e9e de puissance<\/strong><\/p><p>Puissance nominale : 12VDC \/ 1A<br \/>Consommation \u00e9lectrique : Max.\u00a012W en<br \/>veille : Max.\u00a00.5W (Ultra faible puissance)<br \/><strong>Inclus dans le forfait :<\/strong><\/p><ul><li>Formuleur Z10 PRO MAX<\/li><li>Apprentissage de la t\u00e9l\u00e9commande (GTV-IR1)<\/li><li>Alimentation (UE\/US\/UK)<\/li><li>Piles pour t\u00e9l\u00e9commande<\/li><li>C\u00e2ble HDMI<\/li><li>Prolongateur de t\u00e9l\u00e9commande<\/li><li>Guide d&rsquo;installation rapid<\/li><\/ul>\t\t\t\t\t\t\t\t<\/div>\n\t\t\t\t<\/div>\n\t\t\t\t\t<\/div>\r\n\t\t\t\r\n\t\t<\/div>\r\n\t\t\t\t\t\t\t\t\t\t\t\t\t\t\t<\/div>\r\n\t\t\t\t\t\t\t<\/section>\r\n\t\t\t\t<\/div>","protected":false},"excerpt":{"rendered":"<div id=\"comp-kt45jp8f1\" class=\"_1Q9if\" data-testid=\"richTextElement\" data-angle=\"0\" data-angle-style-location=\"style\" data-screen-in-hide=\"done\">\n<h3>Formuler Z11 Pro red\u00e9finit la nouvelle norme pour les appareils Android IPTV et OTT avec des fonctionnalit\u00e9s de pointe telles que le syst\u00e8me d\u2019exploitation Android 11, le d\u00e9codage AV1 et le nouveau client exclusif de visualisation multim\u00e9dia MYTVOnline3 de Formuler et comprenant d\u00e9sormais la t\u00e9l\u00e9commande BT1 pour un contr\u00f4le et des fonctionnalit\u00e9s raffin\u00e9s.<\/h3>\n<h2 class=\"font_3\"><img decoding=\"async\" class=\"aligncenter wp-image-9502 lazyload\" style=\"--smush-placeholder-width: 230px; --smush-placeholder-aspect-ratio: 230\/136;font-size: 16px;\" data-src=\"https:\/\/formuler-store.com\/wp-content\/uploads\/2022\/10\/Logo-Mytv3-300x177.webp\" alt=\"\" width=\"230\" height=\"136\" src=\"data:image\/svg+xml;base64,PHN2ZyB3aWR0aD0iMSIgaGVpZ2h0PSIxIiB4bWxucz0iaHR0cDovL3d3dy53My5vcmcvMjAwMC9zdmciPjwvc3ZnPg==\" \/><strong>Une qualit\u00e9 incomparable<\/strong><\/h2>\n<\/div>\n<div id=\"comp-kt45jp8h\" class=\"_1Q9if\" data-testid=\"richTextElement\" data-angle=\"0\" data-angle-style-location=\"style\" data-screen-in-hide=\"done\">\n<p class=\"font_3\">Regardez du contenu haute qualit\u00e9 en toute simplicit\u00e9 sur grand \u00e9cran avec le tout nouveau Formuler Z11 Pro BT.<br \/>\n2 Go de RAM qui vous permet de lancer ais\u00e9ment les applications les plus exigeantes.<br \/>\nLe DRM niveau 1 incorpor\u00e9 pour Widevine d\u00e9verrouille l\u2019acc\u00e8s aux contenus premium et en ultra haute d\u00e9finition.<\/p>\n<\/div>\n<div id=\"comp-kt45jp9e\" class=\"_1Q9if\" data-testid=\"richTextElement\" data-angle=\"0\" data-angle-style-location=\"style\" data-screen-in-hide=\"done\">\n<pre class=\"font_3\" style=\"text-align: right;\"><strong><span class=\"color_15\">L\u00e9gendaire. <\/span><\/strong><\/pre>\n<\/div>\n<div id=\"comp-kt45jp9g\" class=\"_1Q9if\" data-testid=\"richTextElement\" data-angle=\"0\" data-angle-style-location=\"style\" data-screen-in-hide=\"done\">\n<p>*Suite \u00e0 des mises \u00e0 jour de certaines applications, il se peut qu\u2019elles ne soient plus compatibles avec votre Box. Pour installer des applications telles Netflix, passez par le \u00ab Market \u00bb de Formuler et ne faites pas de mises \u00e0 jour. Les retours li\u00e9s \u00e0 ce genre de choses ne sont pas accept\u00e9s, seul MyTvOnline3 est assur\u00e9 de fonctionner, les applications li\u00e9es au Play store ne sont pas garanties.<\/p>\n<p><img decoding=\"async\" class=\"size-medium wp-image-13376 aligncenter lazyload\" data-src=\"http:\/\/formuler-store.com\/wp-content\/uploads\/2022\/10\/logo-formuler-300x60.png\" alt=\"\" width=\"300\" height=\"60\" src=\"data:image\/svg+xml;base64,PHN2ZyB3aWR0aD0iMSIgaGVpZ2h0PSIxIiB4bWxucz0iaHR0cDovL3d3dy53My5vcmcvMjAwMC9zdmciPjwvc3ZnPg==\" style=\"--smush-placeholder-width: 300px; --smush-placeholder-aspect-ratio: 300\/60;\" \/><\/p>\n<\/div>","protected":false},"featured_media":15129,"comment_status":"open","ping_status":"closed","template":"","meta":{"_acf_changed":false,"_gspb_post_css":""},"store":[],"product_brand":[],"product_cat":[43071],"product_tag":[43055,42977,120,111],"class_list":{"0":"post-13387","1":"product","2":"type-product","3":"status-publish","4":"has-post-thumbnail","6":"product_cat-formuler-2","7":"product_tag-edition-bt","8":"product_tag-gamme-z11","9":"product_tag-nouveau","10":"product_tag-gold","11":"product_shipping_class-livraison-gratuite","13":"first","14":"outofstock","15":"sale","16":"featured","17":"downloadable","18":"purchasable","19":"product-type-simple"},"acf":[],"jetpack_sharing_enabled":false,"_links":{"self":[{"href":"https:\/\/formuler-store.com\/en\/wp-json\/wp\/v2\/product\/13387","targetHints":{"allow":["GET"]}}],"collection":[{"href":"https:\/\/formuler-store.com\/en\/wp-json\/wp\/v2\/product"}],"about":[{"href":"https:\/\/formuler-store.com\/en\/wp-json\/wp\/v2\/types\/product"}],"replies":[{"embeddable":true,"href":"https:\/\/formuler-store.com\/en\/wp-json\/wp\/v2\/comments?post=13387"}],"version-history":[{"count":0,"href":"https:\/\/formuler-store.com\/en\/wp-json\/wp\/v2\/product\/13387\/revisions"}],"wp:featuredmedia":[{"embeddable":true,"href":"https:\/\/formuler-store.com\/en\/wp-json\/wp\/v2\/media\/15129"}],"wp:attachment":[{"href":"https:\/\/formuler-store.com\/en\/wp-json\/wp\/v2\/media?parent=13387"}],"wp:term":[{"taxonomy":"store","embeddable":true,"href":"https:\/\/formuler-store.com\/en\/wp-json\/wp\/v2\/store?post=13387"},{"taxonomy":"product_brand","embeddable":true,"href":"https:\/\/formuler-store.com\/en\/wp-json\/wp\/v2\/product_brand?post=13387"},{"taxonomy":"product_cat","embeddable":true,"href":"https:\/\/formuler-store.com\/en\/wp-json\/wp\/v2\/product_cat?post=13387"},{"taxonomy":"product_tag","embeddable":true,"href":"https:\/\/formuler-store.com\/en\/wp-json\/wp\/v2\/product_tag?post=13387"}],"curies":[{"name":"wp","href":"https:\/\/api.w.org\/{rel}","templated":true}]}}