{"id":1821,"date":"2021-01-31T14:33:08","date_gmt":"2021-01-31T13:33:08","guid":{"rendered":"https:\/\/formuler-store.com\/?post_type=product&#038;p=1821"},"modified":"2025-12-25T18:44:29","modified_gmt":"2025-12-25T17:44:29","slug":"telecommande-universelle-formuler-bluetooth","status":"publish","type":"product","link":"https:\/\/formuler-store.com\/de\/produkt\/telecommande-universelle-formuler-bluetooth","title":{"rendered":"T\u00e9l\u00e9commande Universelle FORMULER Bluetooth"},"content":{"rendered":"<div id=\"comp-kc2ni0m0\" class=\"_1Q9if\" data-testid=\"richTextElement\" data-angle=\"0\" data-angle-style-location=\"style\" data-screen-in-hide=\"done\">\n<h1 class=\"font_8\"><strong>T\u00e9l\u00e9commande* vocale Bluetooth avanc\u00e9e avec commande TV universelle<\/strong><\/h1>\n<h4 style=\"text-align: center;\">Tutoriel T\u00e9l\u00e9commande<\/h4>\n<\/div>\n<p><iframe title=\"MYTVOnline2 Tutorials\" width=\"840\" height=\"473\" data-src=\"https:\/\/www.youtube.com\/embed\/videoseries?list=PL1SsTffwqZZwCy8DA_2AsQE8Z34GdkLcM\" frameborder=\"0\" allow=\"accelerometer; autoplay; clipboard-write; encrypted-media; gyroscope; picture-in-picture; web-share\" referrerpolicy=\"strict-origin-when-cross-origin\" allowfullscreen src=\"data:image\/svg+xml;base64,PHN2ZyB3aWR0aD0iMSIgaGVpZ2h0PSIxIiB4bWxucz0iaHR0cDovL3d3dy53My5vcmcvMjAwMC9zdmciPjwvc3ZnPg==\" class=\"lazyload\" data-load-mode=\"1\"><\/iframe><\/p>\n<div id=\"comp-kcn9s6ys\" class=\"XUUsC\" title=\"\" data-angle=\"0\" data-angle-style-location=\"style\" data-screen-in-hide=\"done\"><\/div>\n<div id=\"comp-kc2ni0m7\" class=\"_1Q9if\" data-testid=\"richTextElement\" data-angle=\"0\" data-angle-style-location=\"style\" data-screen-in-hide=\"done\">\n<p class=\"font_7\">\n<\/div>\n<p><img decoding=\"async\" class=\"alignleft lazyload\" style=\"color: #333333; font-family: inherit; font-size: 14px; font-weight: inherit; letter-spacing: normal; margin: 0px; padding: 0px; border-width: 0px; border-style: initial; font-style: inherit; font-variant: inherit; font-stretch: inherit; line-height: inherit;\" data-src=\"https:\/\/static.wixstatic.com\/media\/82c044_ecced421b70446d4bb795b542ac89606~mv2.png\/v1\/fill\/w_60,h_60,al_c,lg_1,q_85\/bt1_image2_1.webp\" alt=\"bt1_image2_1.webp\" title=\"\" src=\"data:image\/svg+xml;base64,PHN2ZyB3aWR0aD0iMSIgaGVpZ2h0PSIxIiB4bWxucz0iaHR0cDovL3d3dy53My5vcmcvMjAwMC9zdmciPjwvc3ZnPg==\"><br \/>\n<strong style=\"color: #333333; font-family: inherit; font-size: 14px; letter-spacing: normal; margin: 0px; padding: 0px; border: 0px; font-style: inherit; font-variant: inherit; font-stretch: inherit; line-height: inherit; vertical-align: baseline;\">Assistant vocal<\/strong><br \/>\nUtilisez la voix pour contr\u00f4ler et rechercher<img decoding=\"async\" class=\"alignleft lazyload\" style=\"margin: 0px; padding: 0px; border-width: 0px; border-style: initial; font-style: inherit; font-variant: inherit; font-weight: inherit; font-stretch: inherit; line-height: inherit; font-family: inherit;\" data-src=\"https:\/\/static.wixstatic.com\/media\/82c044_2610b2039078494c90423aae6cc92fe8~mv2.png\/v1\/fill\/w_60,h_60,al_c,lg_1,q_85\/bt1_image2_2.webp\" alt=\"bt1_image2_1.webp\" title=\"\" src=\"data:image\/svg+xml;base64,PHN2ZyB3aWR0aD0iMSIgaGVpZ2h0PSIxIiB4bWxucz0iaHR0cDovL3d3dy53My5vcmcvMjAwMC9zdmciPjwvc3ZnPg==\"><br \/>\n<strong style=\"margin: 0px; padding: 0px; border: 0px; font-style: inherit; font-variant: inherit; font-stretch: inherit; line-height: inherit; font-family: inherit; vertical-align: baseline;\">T\u00e9l\u00e9commande TV universelle<\/strong><br \/>\nContr\u00f4le presque toutes les marques de t\u00e9l\u00e9viseurs<img decoding=\"async\" class=\"alignleft lazyload\" style=\"margin: 0px; padding: 0px; border-width: 0px; border-style: initial; font-style: inherit; font-variant: inherit; font-weight: inherit; font-stretch: inherit; line-height: inherit; font-family: inherit;\" data-src=\"https:\/\/static.wixstatic.com\/media\/82c044_0e689e54754248c7b4e39c4bcb63ccd5~mv2.png\/v1\/fill\/w_60,h_60,al_c,lg_1,q_85\/bt1_image2_4.webp\" alt=\"bt1_image2_1.webp\" title=\"\" src=\"data:image\/svg+xml;base64,PHN2ZyB3aWR0aD0iMSIgaGVpZ2h0PSIxIiB4bWxucz0iaHR0cDovL3d3dy53My5vcmcvMjAwMC9zdmciPjwvc3ZnPg==\"><br \/>\n<strong style=\"margin: 0px; padding: 0px; border: 0px; font-style: inherit; font-variant: inherit; font-stretch: inherit; line-height: inherit; font-family: inherit; vertical-align: baseline;\">Touches programmables<\/strong><br \/>\nActions cl\u00e9s personnalisables<img decoding=\"async\" class=\"alignleft lazyload\" style=\"margin: 0px; padding: 0px; border-width: 0px; border-style: initial; font-style: inherit; font-variant: inherit; font-weight: inherit; font-stretch: inherit; line-height: inherit; font-family: inherit;\" data-src=\"https:\/\/static.wixstatic.com\/media\/82c044_2b06eb3c3d3743998bf7b04f7a52e6c3~mv2.png\/v1\/fill\/w_60,h_60,al_c,lg_1,q_85\/bt1_image2_5.webp\" alt=\"bt1_image2_5.webp\" title=\"\" src=\"data:image\/svg+xml;base64,PHN2ZyB3aWR0aD0iMSIgaGVpZ2h0PSIxIiB4bWxucz0iaHR0cDovL3d3dy53My5vcmcvMjAwMC9zdmciPjwvc3ZnPg==\"><br \/>\n<strong style=\"margin: 0px; padding: 0px; border: 0px; font-style: inherit; font-variant: inherit; font-stretch: inherit; line-height: inherit; font-family: inherit; vertical-align: baseline;\">Logiciel \u00e9volutif<\/strong><br \/>\nCapacit\u00e9 extensible<img decoding=\"async\" class=\"alignleft lazyload\" style=\"margin: 0px; padding: 0px; border-width: 0px; border-style: initial; font-style: inherit; font-variant: inherit; font-weight: inherit; font-stretch: inherit; line-height: inherit; font-family: inherit;\" data-src=\"https:\/\/static.wixstatic.com\/media\/82c044_136b5d90aeeb4e77a2a0da36710f1e7b~mv2.png\/v1\/fill\/w_60,h_60,al_c,lg_1,q_85\/bt1_image2_6.webp\" alt=\"bt1_image2_1.webp\" title=\"\" src=\"data:image\/svg+xml;base64,PHN2ZyB3aWR0aD0iMSIgaGVpZ2h0PSIxIiB4bWxucz0iaHR0cDovL3d3dy53My5vcmcvMjAwMC9zdmciPjwvc3ZnPg==\"><br \/>\n<strong style=\"margin: 0px; padding: 0px; border: 0px; font-style: inherit; font-variant: inherit; font-stretch: inherit; line-height: inherit; font-family: inherit; vertical-align: baseline;\">2 piles AA* <\/strong>Performances durables<img decoding=\"async\" data-src=\"https:\/\/www.seeandsound.be\/img\/cms\/btgtv.jpg\" title=\"\" src=\"data:image\/svg+xml;base64,PHN2ZyB3aWR0aD0iMSIgaGVpZ2h0PSIxIiB4bWxucz0iaHR0cDovL3d3dy53My5vcmcvMjAwMC9zdmciPjwvc3ZnPg==\" class=\"lazyload\"><\/p>\n<div id=\"comp-kc2ni0vr\" class=\"_1Q9if\" data-testid=\"richTextElement\" data-angle=\"0\" data-angle-style-location=\"style\" data-screen-in-hide=\"done\">\n<p class=\"font_8\" style=\"text-align: center;\"><strong>Poign\u00e9e ergonomique<\/strong><\/p>\n<\/div>\n<div id=\"comp-kc2ni0w3\" class=\"_1Q9if\" data-testid=\"richTextElement\" data-angle=\"0\" data-angle-style-location=\"style\" data-screen-in-hide=\"done\">\n<p class=\"font_7\" style=\"text-align: center;\">Prise naturelle et \u00e9quilibr\u00e9e. Boutons situ\u00e9s aux bons endroits. P\u00e8se 140 grammes * pour offrir une sensation de luxe ultime dans la main.<\/p>\n<h6 style=\"text-align: center;\"><em>*Le poids r\u00e9el peut varier en fonction des piles utilis\u00e9es.<\/em><\/h6>\n<\/div>\n<p><img fetchpriority=\"high\" decoding=\"async\" class=\"aligncenter\" src=\"https:\/\/static.wixstatic.com\/media\/82c044_8148904980214834aec9481a9597b7ae~mv2.png\/v1\/fill\/w_495,h_590,al_c,q_85\/bt1_image8_1.webp\" alt=\"bt1_image8_1.png\" width=\"399\" height=\"476\" title=\"\"><img decoding=\"async\" class=\"aligncenter lazyload\" data-src=\"https:\/\/static.wixstatic.com\/media\/82c044_88087862258f44fcaf2dcae716c7e180~mv2.png\/v1\/fill\/w_508,h_642,al_c,lg_1,q_85\/bt1_image8_2.webp\" alt=\"bt1_image8_2.png\" width=\"407\" height=\"514\" title=\"\" src=\"data:image\/svg+xml;base64,PHN2ZyB3aWR0aD0iMSIgaGVpZ2h0PSIxIiB4bWxucz0iaHR0cDovL3d3dy53My5vcmcvMjAwMC9zdmciPjwvc3ZnPg==\" style=\"--smush-placeholder-width: 407px; --smush-placeholder-aspect-ratio: 407\/514;\"><\/p>\n<p>&nbsp;<\/p>\n<p>&nbsp;<\/p>\n<p>&nbsp;<\/p>\n<p>&nbsp;<\/p>\n<p>&nbsp;<\/p>\n<p><img decoding=\"async\" class=\"alignleft lazyload\" data-src=\"https:\/\/static.wixstatic.com\/media\/82c044_82bb3c6346a347ea8e2f12a7bad2432b~mv2.png\/v1\/fill\/w_596,h_586,al_c,q_85\/82c044_82bb3c6346a347ea8e2f12a7bad2432b~mv2.webp\" alt=\"bt1_image11_13\" title=\"\" src=\"data:image\/svg+xml;base64,PHN2ZyB3aWR0aD0iMSIgaGVpZ2h0PSIxIiB4bWxucz0iaHR0cDovL3d3dy53My5vcmcvMjAwMC9zdmciPjwvc3ZnPg==\"><strong>Contr\u00f4le TV universelle<\/strong><\/p>\n<p>Utilisez l&rsquo;application Formuler Remote pour programmer votre t\u00e9l\u00e9commande BT1 et contr\u00f4ler votre t\u00e9l\u00e9vision num\u00e9rique.<\/p>\n<p style=\"text-align: left;\">Prise en charge de la plupart des grandes marques de t\u00e9l\u00e9viseurs. Contr\u00f4lez l&rsquo;alimentation, la source, le volume, le menu du t\u00e9l\u00e9viseur, etc. *<\/p>\n<p>Description<\/p>\n<p>&nbsp;<\/p>\n<h6><em>*Le nombre de touches compatibles TV varie d&rsquo;une marque \u00e0 l&rsquo;autre. <\/em><\/h6>\n<h6><em>*Les piles ne sont pas incluses.\u00a0<\/em><\/h6>\n<p>&nbsp;<\/p>\n<p>&nbsp;<\/p>\n<p>&nbsp;<\/p>\n<p>&nbsp;<\/p>\n<p>&nbsp;<\/p>\n<p>&nbsp;<\/p>\n<p>&nbsp;<\/p>\n<p>&nbsp;<\/p>\n<p>&nbsp;<\/p>\n<p>&nbsp;<\/p>\n<p>&nbsp;<\/p>\n<table>\n<tbody>\n<tr>\n<td>Marque<\/td>\n<td>Formuler<\/td>\n<\/tr>\n<tr>\n<td>Mod\u00e8le<\/td>\n<td>Zx, Z7, Z8, Z alpha, Z10, Z11, GTV et toutes t\u00e9l\u00e9visions<\/td>\n<\/tr>\n<\/tbody>\n<\/table>","protected":false},"excerpt":{"rendered":"<p>La t\u00e9l\u00e9commande vocale Bluetooth hybride avanc\u00e9e de Formuler est sp\u00e9cialement con\u00e7ue pour optimiser votre exp\u00e9rience t\u00e9l\u00e9visuelle et multim\u00e9dia. La programmabilit\u00e9 infrarouge universelle pour le contr\u00f4le du t\u00e9l\u00e9viseur et les touches de raccourci programmables par logiciel vous offre des options de contr\u00f4le de p\u00e9riph\u00e9rique flexibles.<\/p>\n<p>FORMULER GTV-BT1 t\u00e9l\u00e9commande Haut de Gamme Compatible Toutes t\u00e9l\u00e9visions.<\/p>\n<p style=\"margin-bottom: 0px; padding: 0px; border: 0px; font-variant-numeric: inherit; font-variant-east-asian: inherit; font-stretch: inherit; line-height: 18px; font-family: proximanova, Arial, Helvetica, sans-serif; font-size: 14px; vertical-align: baseline; color: #7e7f80;\"><em>Attention :\u00a0<strong style=\"margin: 0px; padding: 0px; border: 0px; font-style: inherit; font-variant: inherit; font-stretch: inherit; line-height: inherit; font-family: inherit; vertical-align: baseline;\">cette t\u00e9l\u00e9commande n&rsquo;a pas le bouton EXIT<\/strong>\u00a0n\u00e9cessaire \u00e0 l&rsquo;installation de certains d\u00e9codeurs FORMULER (Z Nano, Z+, Zx, Z7+, Z Alpha, Z8)<\/em><\/p>\n<p><em><strong>&#8212;&gt; Cette t\u00e9l\u00e9commande n&rsquo;est pas compatible avec le mod\u00e8le Z10 SE (pas de Bluetooth).\u00a0<\/strong><\/em><\/p>\n<p><strong style=\"margin: 0px; padding: 0px; border: 0px; font-style: inherit; font-variant: inherit; font-stretch: inherit; line-height: inherit; font-family: inherit; vertical-align: baseline;\">D\u00e8s les mises \u00e0 jour install\u00e9es<\/strong>, <strong>le bouton EXIT n&rsquo;est plus n\u00e9cessaire et la t\u00e9l\u00e9commande fonctionnera parfaitement.<\/strong><\/p>\n<p><strong>T\u00e9l\u00e9charger le Guide d&rsquo;installation pour votre t\u00e9l\u00e9commande Bluetooth<\/strong> : <a href=\"https:\/\/drive.google.com\/file\/d\/11knDRNqqUPvHQJBy9ByGZQIgkvtwCmvH\/view?usp=sharing\" target=\"_blank\" rel=\"noopener\">T\u00e9l\u00e9charger <\/a><\/p>\n<div data-elementor-type=\"product\" data-elementor-id=\"4207\" class=\"elementor elementor-4207 product\" data-elementor-post-type=\"elementor_library\">\n<section data-particle_enable=\"false\" data-particle-mobile-disabled=\"false\" class=\"elementor-section elementor-top-section elementor-element elementor-element-1c57fdc elementor-section-boxed elementor-section-height-default elementor-section-height-default\" data-id=\"1c57fdc\" data-element_type=\"section\" data-e-type=\"section\" data-settings=\"{&quot;ekit_has_onepagescroll_dot&quot;:&quot;yes&quot;}\">\n<div class=\"elementor-container elementor-column-gap-default\" >\n<div class=\"elementor-column elementor-col-100 elementor-top-column elementor-element elementor-element-42cd400\" data-id=\"42cd400\" data-element_type=\"column\" data-e-type=\"column\">\n<div class=\"elementor-widget-wrap elementor-element-populated\">\n<div class=\"elementor-element elementor-element-f4e5a65 elementor-widget elementor-widget-toggle\" data-id=\"f4e5a65\" data-element_type=\"widget\" data-e-type=\"widget\" data-settings=\"{&quot;ekit_we_effect_on&quot;:&quot;none&quot;}\" data-widget_type=\"toggle.default\">\n<div class=\"elementor-widget-container\">\n<div class=\"elementor-toggle\">\n<div class=\"elementor-toggle-item\">\n<h3 id=\"elementor-tab-title-2561\" class=\"elementor-tab-title\" data-tab=\"1\" role=\"button\" aria-controls=\"elementor-tab-content-2561\" aria-expanded=\"false\">\n\t\t\t\t\t\t\t\t\t\t\t\t<span class=\"elementor-toggle-icon elementor-toggle-icon-left\" aria-hidden=\"true\"><br \/>\n\t\t\t\t\t\t\t\t\t\t\t\t\t\t\t<span class=\"elementor-toggle-icon-closed\"><svg class=\"e-font-icon-svg e-fas-caret-right\" viewbox=\"0 0 192 512\" xmlns=\"http:\/\/www.w3.org\/2000\/svg\"><path d=\"M0 384.662V127.338c0-17.818 21.543-26.741 34.142-14.142l128.662 128.662c7.81 7.81 7.81 20.474 0 28.284L34.142 398.804C21.543 411.404 0 402.48 0 384.662z\"><\/path><\/svg><\/span><br \/>\n\t\t\t\t\t\t\t\t<span class=\"elementor-toggle-icon-opened\"><svg class=\"elementor-toggle-icon-opened e-font-icon-svg e-fas-caret-up\" viewbox=\"0 0 320 512\" xmlns=\"http:\/\/www.w3.org\/2000\/svg\"><path d=\"M288.662 352H31.338c-17.818 0-26.741-21.543-14.142-34.142l128.662-128.662c7.81-7.81 20.474-7.81 28.284 0l128.662 128.662c12.6 12.599 3.676 34.142-14.142 34.142z\"><\/path><\/svg><\/span><br \/>\n\t\t\t\t\t\t\t\t\t\t\t\t\t<\/span><br \/>\n\t\t\t\t\t\t\t\t\t\t\t\t<a class=\"elementor-toggle-title\" tabindex=\"0\">Pays o\u00f9 nous livrons<\/a><br \/>\n\t\t\t\t\t<\/h3>\n<div id=\"elementor-tab-content-2561\" class=\"elementor-tab-content elementor-clearfix\" data-tab=\"1\" role=\"region\" aria-labelledby=\"elementor-tab-title-2561\">\n<p><span style=\"color: #ff0000;\"><strong>ALLEMAGNE, AUTRICHE, BELGIQUE, ESPAGNE, FRANCE, ITALIE, LUXEMBOURG, PAYS-BAS, PORTUGAL\u202f; DOM-TOM : Guadeloupe, Martinique et la R\u00e9union<\/strong><\/span><\/p>\n<\/div><\/div>\n<p>\t\t\t\t\t\t\t\t\t\t<script type=\"application\/ld+json\">{\"@context\":\"https:\\\/\\\/schema.org\",\"@type\":\"FAQPage\",\"mainEntity\":[{\"@type\":\"Question\",\"name\":\"Pays o\\u00f9 nous livrons\",\"acceptedAnswer\":{\"@type\":\"Answer\",\"text\":\"<\/p>\n<p><span style=\\\"color: #ff0000;\\\"><strong>ALLEMAGNE, AUTRICHE, BELGIQUE, ESPAGNE, FRANCE, ITALIE, LUXEMBOURG, PAYS-BAS, PORTUGAL\\u202f; DOM-TOM : Guadeloupe, Martinique et la R\\u00e9union<\\\/strong><\\\/span><\\\/p>\"}}]}<\/script>\n\t\t\t\t\t<\/div>\n<\/p><\/div>\n<\/p><\/div>\n<\/p><\/div>\n<\/p><\/div>\n<\/p><\/div>\n<\/section><\/div>","protected":false},"featured_media":6459,"comment_status":"open","ping_status":"closed","template":"","meta":{"_acf_changed":false,"_gspb_post_css":""},"store":[],"product_brand":[],"product_cat":[42967],"product_tag":[],"class_list":{"0":"post-1821","1":"product","2":"type-product","3":"status-publish","4":"has-post-thumbnail","6":"product_cat-accessoires","8":"first","9":"instock","10":"featured","11":"downloadable","12":"purchasable","13":"product-type-simple"},"acf":[],"jetpack_sharing_enabled":true,"_links":{"self":[{"href":"https:\/\/formuler-store.com\/de\/wp-json\/wp\/v2\/product\/1821","targetHints":{"allow":["GET"]}}],"collection":[{"href":"https:\/\/formuler-store.com\/de\/wp-json\/wp\/v2\/product"}],"about":[{"href":"https:\/\/formuler-store.com\/de\/wp-json\/wp\/v2\/types\/product"}],"replies":[{"embeddable":true,"href":"https:\/\/formuler-store.com\/de\/wp-json\/wp\/v2\/comments?post=1821"}],"version-history":[{"count":1,"href":"https:\/\/formuler-store.com\/de\/wp-json\/wp\/v2\/product\/1821\/revisions"}],"predecessor-version":[{"id":15245,"href":"https:\/\/formuler-store.com\/de\/wp-json\/wp\/v2\/product\/1821\/revisions\/15245"}],"wp:featuredmedia":[{"embeddable":true,"href":"https:\/\/formuler-store.com\/de\/wp-json\/wp\/v2\/media\/6459"}],"wp:attachment":[{"href":"https:\/\/formuler-store.com\/de\/wp-json\/wp\/v2\/media?parent=1821"}],"wp:term":[{"taxonomy":"store","embeddable":true,"href":"https:\/\/formuler-store.com\/de\/wp-json\/wp\/v2\/store?post=1821"},{"taxonomy":"product_brand","embeddable":true,"href":"https:\/\/formuler-store.com\/de\/wp-json\/wp\/v2\/product_brand?post=1821"},{"taxonomy":"product_cat","embeddable":true,"href":"https:\/\/formuler-store.com\/de\/wp-json\/wp\/v2\/product_cat?post=1821"},{"taxonomy":"product_tag","embeddable":true,"href":"https:\/\/formuler-store.com\/de\/wp-json\/wp\/v2\/product_tag?post=1821"}],"curies":[{"name":"wp","href":"https:\/\/api.w.org\/{rel}","templated":true}]}}