{"id":6446,"date":"2022-03-28T10:26:36","date_gmt":"2022-03-28T08:26:36","guid":{"rendered":"https:\/\/formuler-store.com\/?post_type=product&#038;p=6446"},"modified":"2026-02-07T17:01:20","modified_gmt":"2026-02-07T16:01:20","slug":"coques-de-protection","status":"publish","type":"product","link":"https:\/\/formuler-store.com\/ar\/product\/coques-de-protection","title":{"rendered":"Coque de protection"},"content":{"rendered":"<p>Compatible avec ces deux mod\u00e8les de t\u00e9l\u00e9commandes uniquement.<\/p>\n<div style=\"width: 710px\" class=\"wp-caption aligncenter\"><img fetchpriority=\"high\" decoding=\"async\" src=\"https:\/\/bfsat.fr\/6753-thickbox_default_2x\/formuler-gtv-bt1-telecommande-vocale-bluetooth-avancee-avec-controle-tv-universel.jpg\" alt=\"Formuler GTV-BT1 T\u00e9l\u00e9commande vocale Bluetooth avanc\u00e9e avec contr\u00f4le TV universel\" width=\"700\" height=\"800\" title=\"\"><p class=\"wp-caption-text\">T\u00e9l\u00e9commande Bluetooth<\/p><\/div>\n<div style=\"width: 584px\" class=\"wp-caption aligncenter\"><img decoding=\"async\" data-src=\"https:\/\/static.wixstatic.com\/media\/82c044_9f6b0a05ae7b40c68f0e44e1d6d18402~mv2.png\/v1\/fill\/w_388,h_556,al_c,usm_0.66_1.00_0.01,enc_auto\/5_Remot-1.png\" alt=\"FORMULER | \" width=\"574\" height=\"822\" title=\"\" src=\"data:image\/svg+xml;base64,PHN2ZyB3aWR0aD0iMSIgaGVpZ2h0PSIxIiB4bWxucz0iaHR0cDovL3d3dy53My5vcmcvMjAwMC9zdmciPjwvc3ZnPg==\" class=\"lazyload\" style=\"--smush-placeholder-width: 574px; --smush-placeholder-aspect-ratio: 574\/822;\"><p class=\"wp-caption-text\">T\u00e9l\u00e9commande infrarouge<\/p><\/div>\n<p>&nbsp;<\/p>","protected":false},"excerpt":{"rendered":"<p style=\"text-align: center;\">Vous souhaitez prot\u00e9ger votre t\u00e9l\u00e9commande ? Rien de plus simple, choisissez votre couleur et prot\u00e9ger votre pr\u00e9cieuse t\u00e9l\u00e9commande !<\/p>\n<p style=\"text-align: center;\">Compatible avec les mod\u00e8les :<\/p>\n<ul>\n<li style=\"text-align: center;\"><strong>&#8211; Formuler Z MINI<\/strong><\/li>\n<li style=\"text-align: center;\"><strong>&#8211; Formuler Z11 PRO MAX<\/strong><\/li>\n<li style=\"text-align: center;\"><strong>&#8211; Formuler Z11 PRO<\/strong><\/li>\n<li style=\"text-align: center;\"><strong>&#8211; Formuler Z10 PRO<\/strong><\/li>\n<li style=\"text-align: center;\"><strong>&#8211; Formuler Z10 PRO MAX<\/strong><\/li>\n<li style=\"text-align: center;\"><strong>&#8211; Formuler GTV<\/strong><\/li>\n<\/ul>\n<p>ou anciens formuler qui utilisent la nouvelle t\u00e9l\u00e9commande.<\/p>\n<p>&nbsp;<\/p>\n<p><em><strong>Attention : Cet article n&rsquo;est pas compatible avec le Formuler Z10 SE !!!!<\/strong><\/em><\/p>","protected":false},"featured_media":15154,"comment_status":"open","ping_status":"closed","template":"","meta":{"_acf_changed":false,"_gspb_post_css":""},"store":[],"product_brand":[],"product_cat":[42967],"product_tag":[],"class_list":{"0":"post-6446","1":"product","2":"type-product","3":"status-publish","4":"has-post-thumbnail","6":"product_cat-accessoires","7":"product_shipping_class-livraison-gratuite","9":"first","10":"instock","11":"featured","12":"purchasable","13":"product-type-variable"},"acf":[],"jetpack_sharing_enabled":true,"_links":{"self":[{"href":"https:\/\/formuler-store.com\/ar\/wp-json\/wp\/v2\/product\/6446","targetHints":{"allow":["GET"]}}],"collection":[{"href":"https:\/\/formuler-store.com\/ar\/wp-json\/wp\/v2\/product"}],"about":[{"href":"https:\/\/formuler-store.com\/ar\/wp-json\/wp\/v2\/types\/product"}],"replies":[{"embeddable":true,"href":"https:\/\/formuler-store.com\/ar\/wp-json\/wp\/v2\/comments?post=6446"}],"version-history":[{"count":0,"href":"https:\/\/formuler-store.com\/ar\/wp-json\/wp\/v2\/product\/6446\/revisions"}],"wp:featuredmedia":[{"embeddable":true,"href":"https:\/\/formuler-store.com\/ar\/wp-json\/wp\/v2\/media\/15154"}],"wp:attachment":[{"href":"https:\/\/formuler-store.com\/ar\/wp-json\/wp\/v2\/media?parent=6446"}],"wp:term":[{"taxonomy":"store","embeddable":true,"href":"https:\/\/formuler-store.com\/ar\/wp-json\/wp\/v2\/store?post=6446"},{"taxonomy":"product_brand","embeddable":true,"href":"https:\/\/formuler-store.com\/ar\/wp-json\/wp\/v2\/product_brand?post=6446"},{"taxonomy":"product_cat","embeddable":true,"href":"https:\/\/formuler-store.com\/ar\/wp-json\/wp\/v2\/product_cat?post=6446"},{"taxonomy":"product_tag","embeddable":true,"href":"https:\/\/formuler-store.com\/ar\/wp-json\/wp\/v2\/product_tag?post=6446"}],"curies":[{"name":"wp","href":"https:\/\/api.w.org\/{rel}","templated":true}]}}