{"id":1758,"date":"2021-01-11T17:32:54","date_gmt":"2021-01-11T16:32:54","guid":{"rendered":"https:\/\/formuler-store.com\/?post_type=product&#038;p=1758"},"modified":"2025-11-07T11:58:52","modified_gmt":"2025-11-07T10:58:52","slug":"telecommande-universelle-formuler-infra-rouge","status":"publish","type":"product","link":"https:\/\/formuler-store.com\/ar\/product\/telecommande-universelle-formuler-infra-rouge","title":{"rendered":"T\u00e9l\u00e9commande Universelle FORMULER Infra Rouge"},"content":{"rendered":"<h3>Description<\/h3>\n<table style=\"height: 61px;\" width=\"805\">\n<tbody>\n<tr>\n<td>Marque<\/td>\n<td>: Formuler<\/td>\n<\/tr>\n<tr>\n<td>Mod\u00e8le<\/td>\n<td>: Zx, Z7, Z8, Z10 PRO ET PRO MAX, Z Alpha, GTV, Z11 et toutes les t\u00e9l\u00e9visions<\/td>\n<\/tr>\n<\/tbody>\n<\/table>\n<p>&nbsp;<\/p>","protected":false},"excerpt":{"rendered":"<p>FORMULER GTV-IR1 t\u00e9l\u00e9commande\u00a0 Haut de Gamme Compatible Toutes t\u00e9l\u00e9visions<\/p>\n<p><strong>T\u00e9l\u00e9charger le Guide d&rsquo;installation pour votre t\u00e9l\u00e9commande Bluetooth<\/strong> : <a href=\"https:\/\/drive.google.com\/file\/d\/1Qk_jTVQ41UG3ola04-rNYAn7P2HeVdPP\/view?usp=sharing\" target=\"_blank\" rel=\"noopener\">T\u00e9l\u00e9charger<\/a><\/p>\n<h4 class=\"a-size-large a-spacing-none\"><span class=\"a-size-large product-title-word-break\">Tutoriel T\u00e9l\u00e9commande* :\u00a0<\/span><\/h4>\n<p><a href=\"https:\/\/www.youtube.com\/playlist?list=PL1SsTffwqZZwCy8DA_2AsQE8Z34GdkLcM\" target=\"_blank\" rel=\"noopener\">https:\/\/www.youtube.com\/playlist?list=PL1SsTffwqZZwCy8DA_2AsQE8Z34GdkLcM<\/a><\/p>\n<div data-elementor-type=\"product\" data-elementor-id=\"4207\" class=\"elementor elementor-4207 product\" data-elementor-post-type=\"elementor_library\">\n<section data-particle_enable=\"false\" data-particle-mobile-disabled=\"false\" class=\"elementor-section elementor-top-section elementor-element elementor-element-1c57fdc elementor-section-boxed elementor-section-height-default elementor-section-height-default\" data-id=\"1c57fdc\" data-element_type=\"section\" data-e-type=\"section\" data-settings=\"{&quot;ekit_has_onepagescroll_dot&quot;:&quot;yes&quot;}\">\n<div class=\"elementor-container elementor-column-gap-default\" >\n<div class=\"elementor-column elementor-col-100 elementor-top-column elementor-element elementor-element-42cd400\" data-id=\"42cd400\" data-element_type=\"column\" data-e-type=\"column\">\n<div class=\"elementor-widget-wrap elementor-element-populated\">\n<div class=\"elementor-element elementor-element-f4e5a65 elementor-widget elementor-widget-toggle\" data-id=\"f4e5a65\" data-element_type=\"widget\" data-e-type=\"widget\" data-settings=\"{&quot;ekit_we_effect_on&quot;:&quot;none&quot;}\" data-widget_type=\"toggle.default\">\n<div class=\"elementor-widget-container\">\n<div class=\"elementor-toggle\">\n<div class=\"elementor-toggle-item\">\n<h3 id=\"elementor-tab-title-2561\" class=\"elementor-tab-title\" data-tab=\"1\" role=\"button\" aria-controls=\"elementor-tab-content-2561\" aria-expanded=\"false\">\n\t\t\t\t\t\t\t\t\t\t\t\t<span class=\"elementor-toggle-icon elementor-toggle-icon-left\" aria-hidden=\"true\"><br \/>\n\t\t\t\t\t\t\t\t\t\t\t\t\t\t\t<span class=\"elementor-toggle-icon-closed\"><svg class=\"e-font-icon-svg e-fas-caret-right\" viewbox=\"0 0 192 512\" xmlns=\"http:\/\/www.w3.org\/2000\/svg\"><path d=\"M0 384.662V127.338c0-17.818 21.543-26.741 34.142-14.142l128.662 128.662c7.81 7.81 7.81 20.474 0 28.284L34.142 398.804C21.543 411.404 0 402.48 0 384.662z\"><\/path><\/svg><\/span><br \/>\n\t\t\t\t\t\t\t\t<span class=\"elementor-toggle-icon-opened\"><svg class=\"elementor-toggle-icon-opened e-font-icon-svg e-fas-caret-up\" viewbox=\"0 0 320 512\" xmlns=\"http:\/\/www.w3.org\/2000\/svg\"><path d=\"M288.662 352H31.338c-17.818 0-26.741-21.543-14.142-34.142l128.662-128.662c7.81-7.81 20.474-7.81 28.284 0l128.662 128.662c12.6 12.599 3.676 34.142-14.142 34.142z\"><\/path><\/svg><\/span><br \/>\n\t\t\t\t\t\t\t\t\t\t\t\t\t<\/span><br \/>\n\t\t\t\t\t\t\t\t\t\t\t\t<a class=\"elementor-toggle-title\" tabindex=\"0\">Pays o\u00f9 nous livrons<\/a><br \/>\n\t\t\t\t\t<\/h3>\n<div id=\"elementor-tab-content-2561\" class=\"elementor-tab-content elementor-clearfix\" data-tab=\"1\" role=\"region\" aria-labelledby=\"elementor-tab-title-2561\">\n<p><span style=\"color: #ff0000;\"><strong>ALLEMAGNE, AUTRICHE, BELGIQUE, ESPAGNE, FRANCE, ITALIE, LUXEMBOURG, PAYS-BAS, PORTUGAL\u202f; DOM-TOM : Guadeloupe, Martinique et la R\u00e9union<\/strong><\/span><\/p>\n<\/div><\/div>\n<p>\t\t\t\t\t\t\t\t\t\t<script type=\"application\/ld+json\">{\"@context\":\"https:\\\/\\\/schema.org\",\"@type\":\"FAQPage\",\"mainEntity\":[{\"@type\":\"Question\",\"name\":\"Pays o\\u00f9 nous livrons\",\"acceptedAnswer\":{\"@type\":\"Answer\",\"text\":\"<\/p>\n<p><span style=\\\"color: #ff0000;\\\"><strong>ALLEMAGNE, AUTRICHE, BELGIQUE, ESPAGNE, FRANCE, ITALIE, LUXEMBOURG, PAYS-BAS, PORTUGAL\\u202f; DOM-TOM : Guadeloupe, Martinique et la R\\u00e9union<\\\/strong><\\\/span><\\\/p>\"}}]}<\/script>\n\t\t\t\t\t<\/div>\n<\/p><\/div>\n<\/p><\/div>\n<\/p><\/div>\n<\/p><\/div>\n<\/p><\/div>\n<\/section><\/div>\n<h6><em>*Les piles ne sont pas incluses.\u00a0<\/em><\/h6>","protected":false},"featured_media":15152,"comment_status":"open","ping_status":"closed","template":"","meta":{"_acf_changed":false,"_gspb_post_css":""},"store":[],"product_brand":[],"product_cat":[42967],"product_tag":[],"class_list":{"0":"post-1758","1":"product","2":"type-product","3":"status-publish","4":"has-post-thumbnail","6":"product_cat-accessoires","7":"product_shipping_class-livraison-gratuite","9":"first","10":"outofstock","11":"downloadable","12":"purchasable","13":"product-type-simple"},"acf":[],"jetpack_sharing_enabled":true,"_links":{"self":[{"href":"https:\/\/formuler-store.com\/ar\/wp-json\/wp\/v2\/product\/1758","targetHints":{"allow":["GET"]}}],"collection":[{"href":"https:\/\/formuler-store.com\/ar\/wp-json\/wp\/v2\/product"}],"about":[{"href":"https:\/\/formuler-store.com\/ar\/wp-json\/wp\/v2\/types\/product"}],"replies":[{"embeddable":true,"href":"https:\/\/formuler-store.com\/ar\/wp-json\/wp\/v2\/comments?post=1758"}],"version-history":[{"count":0,"href":"https:\/\/formuler-store.com\/ar\/wp-json\/wp\/v2\/product\/1758\/revisions"}],"wp:featuredmedia":[{"embeddable":true,"href":"https:\/\/formuler-store.com\/ar\/wp-json\/wp\/v2\/media\/15152"}],"wp:attachment":[{"href":"https:\/\/formuler-store.com\/ar\/wp-json\/wp\/v2\/media?parent=1758"}],"wp:term":[{"taxonomy":"store","embeddable":true,"href":"https:\/\/formuler-store.com\/ar\/wp-json\/wp\/v2\/store?post=1758"},{"taxonomy":"product_brand","embeddable":true,"href":"https:\/\/formuler-store.com\/ar\/wp-json\/wp\/v2\/product_brand?post=1758"},{"taxonomy":"product_cat","embeddable":true,"href":"https:\/\/formuler-store.com\/ar\/wp-json\/wp\/v2\/product_cat?post=1758"},{"taxonomy":"product_tag","embeddable":true,"href":"https:\/\/formuler-store.com\/ar\/wp-json\/wp\/v2\/product_tag?post=1758"}],"curies":[{"name":"wp","href":"https:\/\/api.w.org\/{rel}","templated":true}]}}